{"id":144,"date":"2023-08-02T12:22:46","date_gmt":"2023-08-02T12:22:46","guid":{"rendered":"https:\/\/thekeyservices.es\/?page_id=144"},"modified":"2026-04-08T15:12:04","modified_gmt":"2026-04-08T15:12:04","slug":"inicio","status":"publish","type":"page","link":"https:\/\/thekeyservices.es\/en\/","title":{"rendered":"The Key Services Vacation Rentals on the Costa Blanca"},"content":{"rendered":"\t\t<div data-elementor-type=\"wp-page\" data-elementor-id=\"144\" class=\"elementor elementor-144\" data-elementor-post-type=\"page\">\n\t\t\t\t<div data-particle_enable=\"false\" data-particle-mobile-disabled=\"false\" class=\"elementor-element elementor-element-7d37d92 e-flex e-con-boxed e-con e-parent\" data-id=\"7d37d92\" data-element_type=\"container\" data-e-type=\"container\" data-settings=\"{&quot;background_background&quot;:&quot;video&quot;,&quot;jet_parallax_layout_list&quot;:[],&quot;background_video_link&quot;:&quot;https:\\\/\\\/thekeyservices.es\\\/wp-content\\\/uploads\\\/2024\\\/10\\\/WhatsApp-Video-2024-10-31-at-14.05.09.mp4&quot;,&quot;background_play_on_mobile&quot;:&quot;yes&quot;}\">\n\t\t\t\t\t<div class=\"e-con-inner\">\n\t\t<div class=\"elementor-background-video-container\">\n\t\t\t\t\t\t\t<video class=\"elementor-background-video-hosted\" role=\"presentation\" autoplay muted playsinline loop><\/video>\n\t\t\t\t\t<\/div><div data-particle_enable=\"false\" data-particle-mobile-disabled=\"false\" class=\"elementor-element elementor-element-a5100ea e-flex e-con-boxed e-con e-child\" data-id=\"a5100ea\" data-element_type=\"container\" data-e-type=\"container\" data-settings=\"{&quot;jet_parallax_layout_list&quot;:[]}\">\n\t\t\t\t\t<div class=\"e-con-inner\">\n\t\t\t\t<div class=\"elementor-element elementor-element-52653f5 elementor-widget elementor-widget-heading\" data-id=\"52653f5\" data-element_type=\"widget\" data-e-type=\"widget\" data-widget_type=\"heading.default\">\n\t\t\t\t<div class=\"elementor-widget-container\">\n\t\t\t\t\t<h1 class=\"elementor-heading-title elementor-size-default\">Bienvenido, <br>aqu\u00ed empiezan tus vacaciones<\/h1>\t\t\t\t<\/div>\n\t\t\t\t<\/div>\n\t\t\t\t\t<\/div>\n\t\t\t\t<\/div>\n\t\t\t\t\t<\/div>\n\t\t\t\t<\/div>\n\t\t<div data-particle_enable=\"false\" data-particle-mobile-disabled=\"false\" class=\"elementor-element elementor-element-b519eee e-flex e-con-boxed e-con e-parent\" data-id=\"b519eee\" data-element_type=\"container\" data-e-type=\"container\" data-settings=\"{&quot;jet_parallax_layout_list&quot;:[]}\">\n\t\t\t\t\t<div class=\"e-con-inner\">\n\t\t\t\t<div class=\"elementor-element elementor-element-533c267 elementor-widget elementor-widget-image\" data-id=\"533c267\" data-element_type=\"widget\" data-e-type=\"widget\" data-widget_type=\"image.default\">\n\t\t\t\t<div class=\"elementor-widget-container\">\n\t\t\t\t\t\t\t\t\t\t\t\t\t\t\t<img decoding=\"async\" width=\"300\" height=\"150\" src=\"https:\/\/thekeyservices.es\/wp-content\/uploads\/2023\/11\/the-key-logo-calpe-300x150.png\" class=\"attachment-medium size-medium wp-image-1155\" alt=\"\" srcset=\"https:\/\/thekeyservices.es\/wp-content\/uploads\/2023\/11\/the-key-logo-calpe-300x150.png 300w, https:\/\/thekeyservices.es\/wp-content\/uploads\/2023\/11\/the-key-logo-calpe.png 600w\" sizes=\"(max-width: 300px) 100vw, 300px\" \/>\t\t\t\t\t\t\t\t\t\t\t\t\t\t\t<\/div>\n\t\t\t\t<\/div>\n\t\t\t\t<div class=\"elementor-element elementor-element-bbcce4a elementor-widget elementor-widget-text-editor\" data-id=\"bbcce4a\" data-element_type=\"widget\" data-e-type=\"widget\" data-widget_type=\"text-editor.default\">\n\t\t\t\t<div class=\"elementor-widget-container\">\n\t\t\t\t\t\t\t\t\t<div class=\"flex flex-grow flex-col max-w-full\"><div class=\"min-h-[20px] text-message flex flex-col items-start whitespace-pre-wrap break-words [.text-message+&amp;]:mt-5 juice:w-full juice:items-end overflow-x-auto gap-2\" dir=\"auto\" data-message-author-role=\"assistant\" data-message-id=\"5066c45b-d3e1-4c12-ab4c-eef5d582b6b7\"><div class=\"flex w-full flex-col gap-1 juice:empty:hidden juice:first:pt-[3px]\"><div class=\"markdown prose w-full break-words dark:prose-invert light\"><p>Descubre Costa Blanca: el tesoro oculto de Europa. Con sus aguas cristalinas y calas paradis\u00edacas, este destino es un para\u00edso de playas, acantilados y pintorescos pueblos llenos de tradici\u00f3n. Sum\u00e9rgete en su rica cultura, disfruta de su exquisita gastronom\u00eda y marav\u00edllate con su impresionante costa. Vive una estancia perfecta llena de momentos inolvidables en Costa Blanca.<\/p><\/div><\/div><\/div><\/div>\t\t\t\t\t\t\t\t<\/div>\n\t\t\t\t<\/div>\n\t\t\t\t<div class=\"elementor-element elementor-element-bcb19d6 elementor-hidden-desktop elementor-hidden-tablet elementor-hidden-mobile elementor-widget elementor-widget-text-editor\" data-id=\"bcb19d6\" data-element_type=\"widget\" data-e-type=\"widget\" data-widget_type=\"text-editor.default\">\n\t\t\t\t<div class=\"elementor-widget-container\">\n\t\t\t\t\t\t\t\t\tCosta Blanca, destino que esconde uno de los tesoros hist\u00f3ricos, paisaj\u00edsticos y naturales del continente europeo. Rodeado de agua cristalina y calas paradis\u00edacas. Pi\u00e9rdete en sus playas, acantilados y peque\u00f1os pueblos llenos de tradici\u00f3n. Conecta su cultura, gastronom\u00eda y costa para una estancia perfecta con momentos inolvidables.\t\t\t\t\t\t\t\t<\/div>\n\t\t\t\t<\/div>\n\t\t\t\t\t<\/div>\n\t\t\t\t<\/div>\n\t\t<div data-particle_enable=\"false\" data-particle-mobile-disabled=\"false\" class=\"elementor-element elementor-element-b697de0 e-flex e-con-boxed e-con e-parent\" data-id=\"b697de0\" data-element_type=\"container\" data-e-type=\"container\" data-settings=\"{&quot;jet_parallax_layout_list&quot;:[]}\">\n\t\t\t\t\t<div class=\"e-con-inner\">\n\t\t<div data-particle_enable=\"false\" data-particle-mobile-disabled=\"false\" class=\"elementor-element elementor-element-3a05086 e-con-full e-flex e-con e-child\" data-id=\"3a05086\" data-element_type=\"container\" data-e-type=\"container\" data-settings=\"{&quot;jet_parallax_layout_list&quot;:[]}\">\n\t\t\t\t<div class=\"elementor-element elementor-element-a1075c8 elementor-widget elementor-widget-heading\" data-id=\"a1075c8\" data-element_type=\"widget\" data-e-type=\"widget\" data-widget_type=\"heading.default\">\n\t\t\t\t<div class=\"elementor-widget-container\">\n\t\t\t\t\t<h2 class=\"elementor-heading-title elementor-size-default\">Encuentra tu alojamiento ideal en la Costa Blanca<\/h2>\t\t\t\t<\/div>\n\t\t\t\t<\/div>\n\t\t\t\t<div class=\"elementor-element elementor-element-39b7e17 elementor-widget elementor-widget-text-editor\" data-id=\"39b7e17\" data-element_type=\"widget\" data-e-type=\"widget\" data-widget_type=\"text-editor.default\">\n\t\t\t\t<div class=\"elementor-widget-container\">\n\t\t\t\t\t\t\t\t\t<p>Ofrecemos una amplia selecci\u00f3n de villas, apartamentos, adosados y \u00e1ticos, cada uno \u00fanico y especial. Nuestras residencias est\u00e1n decoradas con el m\u00e1s m\u00ednimo detalle para que te sientas como en casa.<\/p>\t\t\t\t\t\t\t\t<\/div>\n\t\t\t\t<\/div>\n\t\t\t\t<div class=\"elementor-element elementor-element-4bc613a elementor-mobile-align-center elementor-widget elementor-widget-button\" data-id=\"4bc613a\" data-element_type=\"widget\" data-e-type=\"widget\" data-widget_type=\"button.default\">\n\t\t\t\t<div class=\"elementor-widget-container\">\n\t\t\t\t\t\t\t\t\t<div class=\"elementor-button-wrapper\">\n\t\t\t\t\t<a class=\"elementor-button elementor-button-link elementor-size-sm\" href=\"https:\/\/thekeyservices.es\/propiedades\/\">\n\t\t\t\t\t\t<span class=\"elementor-button-content-wrapper\">\n\t\t\t\t\t\t\t\t\t<span class=\"elementor-button-text\">Descubre<\/span>\n\t\t\t\t\t<\/span>\n\t\t\t\t\t<\/a>\n\t\t\t\t<\/div>\n\t\t\t\t\t\t\t\t<\/div>\n\t\t\t\t<\/div>\n\t\t\t\t<\/div>\n\t\t<div data-particle_enable=\"false\" data-particle-mobile-disabled=\"false\" class=\"elementor-element elementor-element-075af4c e-con-full e-flex e-con e-child\" data-id=\"075af4c\" data-element_type=\"container\" data-e-type=\"container\" data-settings=\"{&quot;jet_parallax_layout_list&quot;:[]}\">\n\t\t\t\t<div class=\"elementor-element elementor-element-444da79 elementor-widget elementor-widget-image\" data-id=\"444da79\" data-element_type=\"widget\" data-e-type=\"widget\" data-widget_type=\"image.default\">\n\t\t\t\t<div class=\"elementor-widget-container\">\n\t\t\t\t\t\t\t\t\t\t\t\t\t\t\t<img fetchpriority=\"high\" decoding=\"async\" width=\"800\" height=\"600\" src=\"https:\/\/thekeyservices.es\/wp-content\/uploads\/2023\/10\/ENCUENTRA-TU-ALOJAMIENTO-1-1024x768.jpg\" class=\"attachment-large size-large wp-image-731\" alt=\"\" srcset=\"https:\/\/thekeyservices.es\/wp-content\/uploads\/2023\/10\/ENCUENTRA-TU-ALOJAMIENTO-1-1024x768.jpg 1024w, https:\/\/thekeyservices.es\/wp-content\/uploads\/2023\/10\/ENCUENTRA-TU-ALOJAMIENTO-1-300x225.jpg 300w, https:\/\/thekeyservices.es\/wp-content\/uploads\/2023\/10\/ENCUENTRA-TU-ALOJAMIENTO-1-768x576.jpg 768w, https:\/\/thekeyservices.es\/wp-content\/uploads\/2023\/10\/ENCUENTRA-TU-ALOJAMIENTO-1-1536x1152.jpg 1536w, https:\/\/thekeyservices.es\/wp-content\/uploads\/2023\/10\/ENCUENTRA-TU-ALOJAMIENTO-1.jpg 1600w\" sizes=\"(max-width: 800px) 100vw, 800px\" \/>\t\t\t\t\t\t\t\t\t\t\t\t\t\t\t<\/div>\n\t\t\t\t<\/div>\n\t\t\t\t<\/div>\n\t\t\t\t\t<\/div>\n\t\t\t\t<\/div>\n\t\t<div data-particle_enable=\"false\" data-particle-mobile-disabled=\"false\" class=\"elementor-element elementor-element-0aac6a5 e-flex e-con-boxed e-con e-parent\" data-id=\"0aac6a5\" data-element_type=\"container\" data-e-type=\"container\" data-settings=\"{&quot;jet_parallax_layout_list&quot;:[]}\">\n\t\t\t\t\t<div class=\"e-con-inner\">\n\t\t<div data-particle_enable=\"false\" data-particle-mobile-disabled=\"false\" class=\"elementor-element elementor-element-0380c3b e-con-full e-flex e-con e-child\" data-id=\"0380c3b\" data-element_type=\"container\" data-e-type=\"container\" data-settings=\"{&quot;jet_parallax_layout_list&quot;:[]}\">\n\t\t\t\t<div class=\"elementor-element elementor-element-3c1fc46 elementor-widget elementor-widget-heading\" data-id=\"3c1fc46\" data-element_type=\"widget\" data-e-type=\"widget\" data-widget_type=\"heading.default\">\n\t\t\t\t<div class=\"elementor-widget-container\">\n\t\t\t\t\t<h2 class=\"elementor-heading-title elementor-size-default\">Gestionamos tu propiedad en Costa Blanca<\/h2>\t\t\t\t<\/div>\n\t\t\t\t<\/div>\n\t\t\t\t<div class=\"elementor-element elementor-element-ff39cb8 elementor-widget elementor-widget-text-editor\" data-id=\"ff39cb8\" data-element_type=\"widget\" data-e-type=\"widget\" data-widget_type=\"text-editor.default\">\n\t\t\t\t<div class=\"elementor-widget-container\">\n\t\t\t\t\t\t\t\t\t<p>Nos encargamos del alquiler vacacional, tanto de corta como de larga estancia, para que no tengas que preocuparte por nada. Te ofrecemos una gesti\u00f3n cercana y de confianza, brind\u00e1ndote tranquilidad y seguridad. \u00bfListo para abrir las puertas de tu hogar? Cont\u00e1ctanos.<\/p>\t\t\t\t\t\t\t\t<\/div>\n\t\t\t\t<\/div>\n\t\t\t\t<div class=\"elementor-element elementor-element-50c152f elementor-mobile-align-center elementor-widget elementor-widget-button\" data-id=\"50c152f\" data-element_type=\"widget\" data-e-type=\"widget\" data-widget_type=\"button.default\">\n\t\t\t\t<div class=\"elementor-widget-container\">\n\t\t\t\t\t\t\t\t\t<div class=\"elementor-button-wrapper\">\n\t\t\t\t\t<a class=\"elementor-button elementor-button-link elementor-size-sm\" href=\"https:\/\/thekeyservices.es\/contacta\/\">\n\t\t\t\t\t\t<span class=\"elementor-button-content-wrapper\">\n\t\t\t\t\t\t\t\t\t<span class=\"elementor-button-text\">Contactanos<\/span>\n\t\t\t\t\t<\/span>\n\t\t\t\t\t<\/a>\n\t\t\t\t<\/div>\n\t\t\t\t\t\t\t\t<\/div>\n\t\t\t\t<\/div>\n\t\t\t\t<\/div>\n\t\t<div data-particle_enable=\"false\" data-particle-mobile-disabled=\"false\" class=\"elementor-element elementor-element-e1a73c4 e-con-full e-flex e-con e-child\" data-id=\"e1a73c4\" data-element_type=\"container\" data-e-type=\"container\" data-settings=\"{&quot;jet_parallax_layout_list&quot;:[]}\">\n\t\t\t\t<div class=\"elementor-element elementor-element-223b727 elementor-widget elementor-widget-image\" data-id=\"223b727\" data-element_type=\"widget\" data-e-type=\"widget\" data-widget_type=\"image.default\">\n\t\t\t\t<div class=\"elementor-widget-container\">\n\t\t\t\t\t\t\t\t\t\t\t\t\t\t\t<img decoding=\"async\" width=\"800\" height=\"600\" src=\"https:\/\/thekeyservices.es\/wp-content\/uploads\/2023\/10\/FOTO-GESTIONAMOS-1-1-1024x768.jpg\" class=\"attachment-large size-large wp-image-732\" alt=\"\" srcset=\"https:\/\/thekeyservices.es\/wp-content\/uploads\/2023\/10\/FOTO-GESTIONAMOS-1-1-1024x768.jpg 1024w, https:\/\/thekeyservices.es\/wp-content\/uploads\/2023\/10\/FOTO-GESTIONAMOS-1-1-300x225.jpg 300w, https:\/\/thekeyservices.es\/wp-content\/uploads\/2023\/10\/FOTO-GESTIONAMOS-1-1-768x576.jpg 768w, https:\/\/thekeyservices.es\/wp-content\/uploads\/2023\/10\/FOTO-GESTIONAMOS-1-1-1536x1152.jpg 1536w, https:\/\/thekeyservices.es\/wp-content\/uploads\/2023\/10\/FOTO-GESTIONAMOS-1-1.jpg 1600w\" sizes=\"(max-width: 800px) 100vw, 800px\" \/>\t\t\t\t\t\t\t\t\t\t\t\t\t\t\t<\/div>\n\t\t\t\t<\/div>\n\t\t\t\t<\/div>\n\t\t\t\t\t<\/div>\n\t\t\t\t<\/div>\n\t\t<div data-particle_enable=\"false\" data-particle-mobile-disabled=\"false\" class=\"elementor-element elementor-element-9de5457 e-flex e-con-boxed e-con e-parent\" data-id=\"9de5457\" data-element_type=\"container\" data-e-type=\"container\" data-settings=\"{&quot;jet_parallax_layout_list&quot;:[]}\">\n\t\t\t\t\t<div class=\"e-con-inner\">\n\t\t\t\t<div class=\"elementor-element elementor-element-058621a elementor-widget elementor-widget-text-editor\" data-id=\"058621a\" data-element_type=\"widget\" data-e-type=\"widget\" data-widget_type=\"text-editor.default\">\n\t\t\t\t<div class=\"elementor-widget-container\">\n\t\t\t\t\t\t\t\t\t<div class=\"flex flex-grow flex-col max-w-full\"><div class=\"min-h-[20px] text-message flex flex-col items-start whitespace-pre-wrap break-words [.text-message+&amp;]:mt-5 juice:w-full juice:items-end overflow-x-auto gap-2\" dir=\"auto\" data-message-author-role=\"assistant\" data-message-id=\"5066c45b-d3e1-4c12-ab4c-eef5d582b6b7\"><div class=\"flex w-full flex-col gap-1 juice:empty:hidden juice:first:pt-[3px]\"><div class=\"markdown prose w-full break-words dark:prose-invert light\"><p>En The keys Services, nos especializamos en la gesti\u00f3n integral de propiedades. Ya sea para alquiler vacacional o de larga estancia, nos encargamos de todo, garantizando una atenci\u00f3n personalizada y confiable. Nuestro objetivo es que disfrutes de la tranquilidad de una gesti\u00f3n profesional sin complicaciones. \u00bfQuieres rentabilizar tu propiedad? \u00a1Estamos aqu\u00ed para ayudarte! Cont\u00e1ctanos ahora y descubre c\u00f3mo podemos facilitarte la gesti\u00f3n de tu hogar.<\/p><\/div><\/div><\/div><\/div>\t\t\t\t\t\t\t\t<\/div>\n\t\t\t\t<\/div>\n\t\t\t\t\t<\/div>\n\t\t\t\t<\/div>\n\t\t<div data-particle_enable=\"false\" data-particle-mobile-disabled=\"false\" class=\"elementor-element elementor-element-a8f075d e-transform e-flex e-con-boxed e-con e-parent\" data-id=\"a8f075d\" data-element_type=\"container\" data-e-type=\"container\" data-settings=\"{&quot;background_background&quot;:&quot;video&quot;,&quot;jet_parallax_layout_list&quot;:[],&quot;background_video_link&quot;:&quot;https:\\\/\\\/thekeyservices.es\\\/wp-content\\\/uploads\\\/2023\\\/11\\\/the-key-video-footer.mp4&quot;,&quot;_transform_skewY_effect&quot;:{&quot;unit&quot;:&quot;px&quot;,&quot;size&quot;:0,&quot;sizes&quot;:[]},&quot;background_play_on_mobile&quot;:&quot;yes&quot;,&quot;_transform_skewX_effect&quot;:{&quot;unit&quot;:&quot;px&quot;,&quot;size&quot;:&quot;&quot;,&quot;sizes&quot;:[]},&quot;_transform_skewX_effect_tablet&quot;:{&quot;unit&quot;:&quot;deg&quot;,&quot;size&quot;:&quot;&quot;,&quot;sizes&quot;:[]},&quot;_transform_skewX_effect_mobile&quot;:{&quot;unit&quot;:&quot;deg&quot;,&quot;size&quot;:&quot;&quot;,&quot;sizes&quot;:[]},&quot;_transform_skewY_effect_tablet&quot;:{&quot;unit&quot;:&quot;deg&quot;,&quot;size&quot;:&quot;&quot;,&quot;sizes&quot;:[]},&quot;_transform_skewY_effect_mobile&quot;:{&quot;unit&quot;:&quot;deg&quot;,&quot;size&quot;:&quot;&quot;,&quot;sizes&quot;:[]}}\">\n\t\t\t\t\t<div class=\"e-con-inner\">\n\t\t<div class=\"elementor-background-video-container\">\n\t\t\t\t\t\t\t<video class=\"elementor-background-video-hosted\" role=\"presentation\" autoplay muted playsinline loop><\/video>\n\t\t\t\t\t<\/div>\t\t\t<\/div>\n\t\t\t\t<\/div>\n\t\t\t\t<\/div>\n\t\t","protected":false},"excerpt":{"rendered":"<p>Bienvenido, aqu\u00ed empiezan tus vacaciones Descubre Costa Blanca: el tesoro oculto de Europa. Con sus aguas cristalinas y calas paradis\u00edacas, este destino es un para\u00edso de playas, acantilados y pintorescos pueblos llenos de tradici\u00f3n. Sum\u00e9rgete en su rica cultura, disfruta de su exquisita gastronom\u00eda y marav\u00edllate con su impresionante costa. Vive una estancia perfecta llena [&hellip;]<\/p>\n","protected":false},"author":1,"featured_media":0,"parent":0,"menu_order":0,"comment_status":"closed","ping_status":"closed","template":"elementor_header_footer","meta":{"footnotes":""},"class_list":["post-144","page","type-page","status-publish","hentry"],"yoast_head":"<!-- This site is optimized with the Yoast SEO Premium plugin v22.7 (Yoast SEO v27.4) - https:\/\/yoast.com\/product\/yoast-seo-premium-wordpress\/ -->\n<title>The Key Services - Alquiler Vacacional en Calpe y Alicante<\/title>\n<meta name=\"description\" content=\"Especializados en gesti\u00f3n de Alojamientos de alquiler vacacional en Calpe y Alrededores, en plena Costa Blanca. Cons\u00faltanos.\" \/>\n<meta name=\"robots\" content=\"index, follow, max-snippet:-1, max-image-preview:large, max-video-preview:-1\" \/>\n<link rel=\"canonical\" href=\"https:\/\/thekeyservices.es\/en\/\" \/>\n<meta property=\"og:locale\" content=\"en_GB\" \/>\n<meta property=\"og:type\" content=\"article\" \/>\n<meta property=\"og:title\" content=\"The Key Services Alquiler Vacacional en la Costa Blanca\" \/>\n<meta property=\"og:description\" content=\"Especializados en gesti\u00f3n de Alojamientos de alquiler vacacional en Calpe y Alrededores, en plena Costa Blanca. Cons\u00faltanos.\" \/>\n<meta property=\"og:url\" content=\"https:\/\/thekeyservices.es\/en\/\" \/>\n<meta property=\"og:site_name\" content=\"The Key Services\" \/>\n<meta property=\"article:publisher\" content=\"https:\/\/www.facebook.com\/thekeyservices\/?locale=hi_IN\" \/>\n<meta property=\"article:modified_time\" content=\"2026-04-08T15:12:04+00:00\" \/>\n<meta property=\"og:image\" content=\"https:\/\/thekeyservices.es\/wp-content\/uploads\/2023\/11\/the-key-logo-calpe-300x150.png\" \/>\n<meta name=\"twitter:card\" content=\"summary_large_image\" \/>\n<meta name=\"twitter:label1\" content=\"Estimated reading time\" \/>\n\t<meta name=\"twitter:data1\" content=\"2 minutes\" \/>\n<script type=\"application\/ld+json\" class=\"yoast-schema-graph\">{\"@context\":\"https:\\\/\\\/schema.org\",\"@graph\":[{\"@type\":\"WebPage\",\"@id\":\"https:\\\/\\\/thekeyservices.es\\\/\",\"url\":\"https:\\\/\\\/thekeyservices.es\\\/\",\"name\":\"The Key Services - Alquiler Vacacional en Calpe y Alicante\",\"isPartOf\":{\"@id\":\"https:\\\/\\\/thekeyservices.es\\\/#website\"},\"primaryImageOfPage\":{\"@id\":\"https:\\\/\\\/thekeyservices.es\\\/#primaryimage\"},\"image\":{\"@id\":\"https:\\\/\\\/thekeyservices.es\\\/#primaryimage\"},\"thumbnailUrl\":\"https:\\\/\\\/thekeyservices.es\\\/wp-content\\\/uploads\\\/2023\\\/11\\\/the-key-logo-calpe-300x150.png\",\"datePublished\":\"2023-08-02T12:22:46+00:00\",\"dateModified\":\"2026-04-08T15:12:04+00:00\",\"description\":\"Especializados en gesti\u00f3n de Alojamientos de alquiler vacacional en Calpe y Alrededores, en plena Costa Blanca. Cons\u00faltanos.\",\"breadcrumb\":{\"@id\":\"https:\\\/\\\/thekeyservices.es\\\/#breadcrumb\"},\"inLanguage\":\"en-GB\",\"potentialAction\":[{\"@type\":\"ReadAction\",\"target\":[\"https:\\\/\\\/thekeyservices.es\\\/\"]}]},{\"@type\":\"ImageObject\",\"inLanguage\":\"en-GB\",\"@id\":\"https:\\\/\\\/thekeyservices.es\\\/#primaryimage\",\"url\":\"https:\\\/\\\/thekeyservices.es\\\/wp-content\\\/uploads\\\/2023\\\/11\\\/the-key-logo-calpe-300x150.png\",\"contentUrl\":\"https:\\\/\\\/thekeyservices.es\\\/wp-content\\\/uploads\\\/2023\\\/11\\\/the-key-logo-calpe-300x150.png\"},{\"@type\":\"BreadcrumbList\",\"@id\":\"https:\\\/\\\/thekeyservices.es\\\/#breadcrumb\",\"itemListElement\":[{\"@type\":\"ListItem\",\"position\":1,\"name\":\"Portada\",\"item\":\"https:\\\/\\\/thekeyservices.es\\\/\"},{\"@type\":\"ListItem\",\"position\":2,\"name\":\"The Key Services Alquiler Vacacional en la Costa Blanca\"}]},{\"@type\":\"WebSite\",\"@id\":\"https:\\\/\\\/thekeyservices.es\\\/#website\",\"url\":\"https:\\\/\\\/thekeyservices.es\\\/\",\"name\":\"The Key Services\",\"description\":\"Alquiler Vacacional en Calpe y Alrededores\",\"publisher\":{\"@id\":\"https:\\\/\\\/thekeyservices.es\\\/#organization\"},\"potentialAction\":[{\"@type\":\"SearchAction\",\"target\":{\"@type\":\"EntryPoint\",\"urlTemplate\":\"https:\\\/\\\/thekeyservices.es\\\/?s={search_term_string}\"},\"query-input\":{\"@type\":\"PropertyValueSpecification\",\"valueRequired\":true,\"valueName\":\"search_term_string\"}}],\"inLanguage\":\"en-GB\"},{\"@type\":\"Organization\",\"@id\":\"https:\\\/\\\/thekeyservices.es\\\/#organization\",\"name\":\"The Key Services\",\"url\":\"https:\\\/\\\/thekeyservices.es\\\/\",\"logo\":{\"@type\":\"ImageObject\",\"inLanguage\":\"en-GB\",\"@id\":\"https:\\\/\\\/thekeyservices.es\\\/#\\\/schema\\\/logo\\\/image\\\/\",\"url\":\"https:\\\/\\\/thekeyservices.es\\\/wp-content\\\/uploads\\\/2023\\\/11\\\/the-key-logo-calpe.png\",\"contentUrl\":\"https:\\\/\\\/thekeyservices.es\\\/wp-content\\\/uploads\\\/2023\\\/11\\\/the-key-logo-calpe.png\",\"width\":600,\"height\":300,\"caption\":\"The Key Services\"},\"image\":{\"@id\":\"https:\\\/\\\/thekeyservices.es\\\/#\\\/schema\\\/logo\\\/image\\\/\"},\"sameAs\":[\"https:\\\/\\\/www.facebook.com\\\/thekeyservices\\\/?locale=hi_IN\",\"https:\\\/\\\/www.instagram.com\\\/thekeyservices\\\/?hl=es\"]}]}<\/script>\n<!-- \/ Yoast SEO Premium plugin. -->","yoast_head_json":{"title":"The Key Services - Holiday Rentals in Calpe and Alicante","description":"Specializing in the management of holiday rental accommodations in Calpe and the surrounding area, on the Costa Blanca. Contact us.","robots":{"index":"index","follow":"follow","max-snippet":"max-snippet:-1","max-image-preview":"max-image-preview:large","max-video-preview":"max-video-preview:-1"},"canonical":"https:\/\/thekeyservices.es\/en\/","og_locale":"en_GB","og_type":"article","og_title":"The Key Services Alquiler Vacacional en la Costa Blanca","og_description":"Especializados en gesti\u00f3n de Alojamientos de alquiler vacacional en Calpe y Alrededores, en plena Costa Blanca. Cons\u00faltanos.","og_url":"https:\/\/thekeyservices.es\/en\/","og_site_name":"The Key Services","article_publisher":"https:\/\/www.facebook.com\/thekeyservices\/?locale=hi_IN","article_modified_time":"2026-04-08T15:12:04+00:00","og_image":[{"url":"https:\/\/thekeyservices.es\/wp-content\/uploads\/2023\/11\/the-key-logo-calpe-300x150.png","type":"","width":"","height":""}],"twitter_card":"summary_large_image","twitter_misc":{"Estimated reading time":"2 minutes"},"schema":{"@context":"https:\/\/schema.org","@graph":[{"@type":"WebPage","@id":"https:\/\/thekeyservices.es\/","url":"https:\/\/thekeyservices.es\/","name":"The Key Services - Holiday Rentals in Calpe and Alicante","isPartOf":{"@id":"https:\/\/thekeyservices.es\/#website"},"primaryImageOfPage":{"@id":"https:\/\/thekeyservices.es\/#primaryimage"},"image":{"@id":"https:\/\/thekeyservices.es\/#primaryimage"},"thumbnailUrl":"https:\/\/thekeyservices.es\/wp-content\/uploads\/2023\/11\/the-key-logo-calpe-300x150.png","datePublished":"2023-08-02T12:22:46+00:00","dateModified":"2026-04-08T15:12:04+00:00","description":"Specializing in the management of holiday rental accommodations in Calpe and the surrounding area, on the Costa Blanca. Contact us.","breadcrumb":{"@id":"https:\/\/thekeyservices.es\/#breadcrumb"},"inLanguage":"en-GB","potentialAction":[{"@type":"ReadAction","target":["https:\/\/thekeyservices.es\/"]}]},{"@type":"ImageObject","inLanguage":"en-GB","@id":"https:\/\/thekeyservices.es\/#primaryimage","url":"https:\/\/thekeyservices.es\/wp-content\/uploads\/2023\/11\/the-key-logo-calpe-300x150.png","contentUrl":"https:\/\/thekeyservices.es\/wp-content\/uploads\/2023\/11\/the-key-logo-calpe-300x150.png"},{"@type":"BreadcrumbList","@id":"https:\/\/thekeyservices.es\/#breadcrumb","itemListElement":[{"@type":"ListItem","position":1,"name":"Portada","item":"https:\/\/thekeyservices.es\/"},{"@type":"ListItem","position":2,"name":"The Key Services Alquiler Vacacional en la Costa Blanca"}]},{"@type":"WebSite","@id":"https:\/\/thekeyservices.es\/#website","url":"https:\/\/thekeyservices.es\/","name":"The Key Services","description":"Holiday rentals in Calpe and surrounding areas","publisher":{"@id":"https:\/\/thekeyservices.es\/#organization"},"potentialAction":[{"@type":"SearchAction","target":{"@type":"EntryPoint","urlTemplate":"https:\/\/thekeyservices.es\/?s={search_term_string}"},"query-input":{"@type":"PropertyValueSpecification","valueRequired":true,"valueName":"search_term_string"}}],"inLanguage":"en-GB"},{"@type":"Organization","@id":"https:\/\/thekeyservices.es\/#organization","name":"The Key Services","url":"https:\/\/thekeyservices.es\/","logo":{"@type":"ImageObject","inLanguage":"en-GB","@id":"https:\/\/thekeyservices.es\/#\/schema\/logo\/image\/","url":"https:\/\/thekeyservices.es\/wp-content\/uploads\/2023\/11\/the-key-logo-calpe.png","contentUrl":"https:\/\/thekeyservices.es\/wp-content\/uploads\/2023\/11\/the-key-logo-calpe.png","width":600,"height":300,"caption":"The Key Services"},"image":{"@id":"https:\/\/thekeyservices.es\/#\/schema\/logo\/image\/"},"sameAs":["https:\/\/www.facebook.com\/thekeyservices\/?locale=hi_IN","https:\/\/www.instagram.com\/thekeyservices\/?hl=es"]}]}},"_links":{"self":[{"href":"https:\/\/thekeyservices.es\/en\/wp-json\/wp\/v2\/pages\/144","targetHints":{"allow":["GET"]}}],"collection":[{"href":"https:\/\/thekeyservices.es\/en\/wp-json\/wp\/v2\/pages"}],"about":[{"href":"https:\/\/thekeyservices.es\/en\/wp-json\/wp\/v2\/types\/page"}],"author":[{"embeddable":true,"href":"https:\/\/thekeyservices.es\/en\/wp-json\/wp\/v2\/users\/1"}],"replies":[{"embeddable":true,"href":"https:\/\/thekeyservices.es\/en\/wp-json\/wp\/v2\/comments?post=144"}],"version-history":[{"count":197,"href":"https:\/\/thekeyservices.es\/en\/wp-json\/wp\/v2\/pages\/144\/revisions"}],"predecessor-version":[{"id":1874,"href":"https:\/\/thekeyservices.es\/en\/wp-json\/wp\/v2\/pages\/144\/revisions\/1874"}],"wp:attachment":[{"href":"https:\/\/thekeyservices.es\/en\/wp-json\/wp\/v2\/media?parent=144"}],"curies":[{"name":"wp","href":"https:\/\/api.w.org\/{rel}","templated":true}]}}