{"id":818,"date":"2023-10-26T13:11:34","date_gmt":"2023-10-26T13:11:34","guid":{"rendered":"https:\/\/thekeyservices.es\/?page_id=818"},"modified":"2023-10-26T13:13:24","modified_gmt":"2023-10-26T13:13:24","slug":"declaracion-de-accesibilidad","status":"publish","type":"page","link":"https:\/\/thekeyservices.es\/en\/declaracion-de-accesibilidad\/","title":{"rendered":"Accessibility Statement"},"content":{"rendered":"<div data-elementor-type=\"wp-page\" data-elementor-id=\"818\" class=\"elementor elementor-818\" data-elementor-post-type=\"page\">\n\t\t\t\t<div data-particle_enable=\"false\" data-particle-mobile-disabled=\"false\" class=\"elementor-element elementor-element-58b2f025 e-flex e-con-boxed e-con e-parent\" data-id=\"58b2f025\" data-element_type=\"container\" data-e-type=\"container\" data-settings=\"{&quot;background_background&quot;:&quot;classic&quot;,&quot;jet_parallax_layout_list&quot;:[]}\">\n\t\t\t\t\t<div class=\"e-con-inner\">\n\t\t<div data-particle_enable=\"false\" data-particle-mobile-disabled=\"false\" class=\"elementor-element elementor-element-1de9549 e-flex e-con-boxed e-con e-child\" data-id=\"1de9549\" data-element_type=\"container\" data-e-type=\"container\" data-settings=\"{&quot;jet_parallax_layout_list&quot;:[]}\">\n\t\t\t\t\t<div class=\"e-con-inner\">\n\t\t\t\t<div class=\"elementor-element elementor-element-4681bd8b elementor-widget elementor-widget-heading\" data-id=\"4681bd8b\" data-element_type=\"widget\" data-e-type=\"widget\" data-widget_type=\"heading.default\">\n\t\t\t\t<div class=\"elementor-widget-container\">\n\t\t\t\t\t<h2 class=\"elementor-heading-title elementor-size-default\">ACCESSIBILITY STATEMENT<\/h2>\t\t\t\t<\/div>\n\t\t\t\t<\/div>\n\t\t\t\t\t<\/div>\n\t\t\t\t<\/div>\n\t\t\t\t\t<\/div>\n\t\t\t\t<\/div>\n\t\t<div data-particle_enable=\"false\" data-particle-mobile-disabled=\"false\" class=\"elementor-element elementor-element-69bc22c1 e-flex e-con-boxed e-con e-parent\" data-id=\"69bc22c1\" data-element_type=\"container\" data-e-type=\"container\" data-settings=\"{&quot;jet_parallax_layout_list&quot;:[]}\">\n\t\t\t\t\t<div class=\"e-con-inner\">\n\t\t<div data-particle_enable=\"false\" data-particle-mobile-disabled=\"false\" class=\"elementor-element elementor-element-2a90daa0 e-con-full e-flex e-con e-child\" data-id=\"2a90daa0\" data-element_type=\"container\" data-e-type=\"container\" data-settings=\"{&quot;jet_parallax_layout_list&quot;:[]}\">\n\t\t\t\t<div class=\"elementor-element elementor-element-50cb22d6 elementor-widget elementor-widget-text-editor\" data-id=\"50cb22d6\" data-element_type=\"widget\" data-e-type=\"widget\" data-widget_type=\"text-editor.default\">\n\t\t\t\t<div class=\"elementor-widget-container\">\n\t\t\t\t\t\t\t\t\t<p><strong>Accessibility statement<\/strong><br \/>The Spanish Data Protection Agency has committed to making its websites accessible in accordance with Royal Decree 1112\/2018, of September 7, on accessibility of websites and applications for mobile devices in the public sector.<\/p><p><a href=\"https:\/\/www.boe.es\/buscar\/act.php?id=BOE-A-2018-12699\" target=\"_blank\" rel=\"noopener\">https:\/\/www.boe.es\/buscar\/act.php?id=BOE-A-2018-12699<\/a><\/p><p><strong>COMPLIANCE SITUATION<\/strong><br \/>This website is partially compliant with RD 1112\/2018\u00a0<a href=\"https:\/\/www.boe.es\/diario_boe\/txt.php?id=BOE-A-2018-12699\" target=\"_blank\" rel=\"noopener\">https:\/\/www.boe.es\/diario_boe\/txt.php?id=BOE-A-2018-12699<\/a>\u00a0\u00a0due to<br \/>exceptions and lack of conformity of the aspects indicated below.<\/p><p><strong>CONTENT NOT ACCESSIBLE<\/strong><br \/>The content collected below is not accessible due to the following:<\/p><p><b>Lack of compliance with RD 1112\/2018:<br \/><\/b>\u2013 On the portal there may be content in other languages in which the language change is not correctly labeled<br \/>\u2013 Audio-only multimedia elements have no alternative<br \/>\u2013 There are videos without subtitles<br \/>\u2013 There is textual content without sufficient contrast<br \/>\u2013 It is observed that in some cases the focus does not meet the minimum required contrast ratio<br \/>\u2013 In some cases content overlap may occur<br \/>\u2013 There are PDF documents with accessibility problems<\/p><p><b>\u00a0Disproportionate burden:<br \/><\/b>\u00a0 \u00a0 \u00a0 \u00a0 \u00a0 - Does not apply.<\/p><p><b>Content does not fall within the scope of applicable legislation:<\/b><br \/>\u2013 There may be documents in PDF format published before September 20, 2018 that do not fully comply with all accessibility requirements.<\/p><p><strong>PREPARATION OF THIS ACCESSIBILITY DECLARATION<\/strong><br \/>This statement was prepared on March 22, 2023.<br \/>The method used for this declaration has been a self-assessment carried out by the Agency itself with the support of the IRA Tool (Accessibility Review Report).\u00a0<a href=\"https:\/\/herramienta-ira.administracionelectronica.gob.es\/#!\/\" target=\"_blank\" rel=\"noopener\">https:\/\/herramienta-ira.administracionelectronica.gob.es\/#!\/<\/a>\u00a0of the Accessibility Observatory.<br \/>Statement last revised: March 22, 2023<\/p><p><strong>OBSERVATIONS AND CONTACT INFORMATION<\/strong><br \/><b>\u2013 Communications on accessibility requirements<br \/><\/b>You can make communications about accessibility requirements (article 10.2.a of RD 1112\/2018) such as, for example:<br \/><b>\u2013 report any possible non-compliance by this website<br \/>\u2013 convey other content access difficulties<br \/>\u2013 formulate any other query or suggestion for improvement regarding the accessibility of the website\u00a0<\/b><\/p><p><b>via the accessibility requirements contact form\u00a0<a href=\"https:\/\/sedeagpd.gob.es\/sede-electronica-web\/vistas\/formQuejasSugerencias\/accesible_quejas.jsf\" target=\"_blank\" rel=\"noopener\">https:\/\/sedeagpd.gob.es\/sede-electronica-web\/vistas\/formQuejasSugerencias\/accesible_quejas.jsf<\/a>\u00a0designated for this purpose at the Agency&#039;s electronic headquarters.<\/b><\/p><p>Communications will be received and processed by the Unit Responsible for Accessibility of the General Subdirectorate of Promotion and Authorizations.<\/p><p><b>Accessible information requests and complaints<br \/><\/b>Through the\u00a0<a href=\"https:\/\/sedeagpd.gob.es\/sede-electronica-web\/vistas\/formQuejasSugerencias\/accesible_quejas.jsf\" target=\"_blank\" rel=\"noopener\">Accessible Information Request and Complaint Form for Accessibility Complaints\u00a0<\/a>can present:<br \/>\u2013 a Complaint regarding compliance with the requirements of RD 1112\/2018 or<br \/>\u2013 an accessible Information Request relating to:<br \/>\u00a0 \u00a0 \u00a0\u2013 or contents that are excluded from the scope of application of RD 1112\/2018 as established by article 3, section 4<br \/>\u00a0 \u00a0 \u00a0\u2013 or content that is exempt from compliance with accessibility requirements because it imposes a disproportionate burden.<\/p><p>In the Request for accessible information, the facts, reasons and request must be clearly specified that allow us to verify that it is a reasonable and legitimate request.<\/p><p><b>APPLICATION PROCEDURE<br \/><\/b>If once a request for accessible information or complaint has been made, it has been rejected, the decision taken is not agreed upon, or the response does not meet the requirements contemplated in article 12.5 of RD 1112\/2018, the interested person may initiate a claim. Likewise, a claim may be initiated if no response has been obtained.<\/p><p>The claim procedure included in article 13 of RD 1112\/2018 can be started through this link.\u00a0<a href=\"https:\/\/sedeagpd.gob.es\/sede-electronica-web\/vistas\/formProcedimientoEntrada\/procedimientoEntradaAmpliado.jsf\" target=\"_blank\" rel=\"noopener\">https:\/\/sedeagpd.gob.es\/sede-electronica-web\/vistas\/formProcedimientoEntrada\/procedimientoEntradaAmpliado.jsf<\/a><\/p><p><b>OPTIONAL CONTENT<br \/><\/b>The website:<br \/>\u2013 has been designed to adapt to current standards and regulations regarding accessibility, complying with the priority 2 (AA) verification points defined in the Web Content Accessibility Guidelines specification (WCAG 2.1)<br \/>\u2013 is optimized for the latest versions of Chrome, Edge, Firefox, Safari and Opera<br \/>\u2013 is designed for correct viewing on any resolution and desktop, tablet or mobile device (responsive design)<br \/>\u2013 has been made using HTML5 as a markup language and CSS 3 style sheets for its design<br \/><br \/>In addition, continuous auditing and content review work is carried out to facilitate its interpretation and improve navigation through the web portal.<\/p>\t\t\t\t\t\t\t\t<\/div>\n\t\t\t\t<\/div>\n\t\t\t\t<\/div>\n\t\t\t\t\t<\/div>\n\t\t\t\t<\/div>\n\t\t\t\t<\/div>","protected":false},"excerpt":{"rendered":"<p>ACCESSIBILITY DECLARATION Accessibility statementThe Spanish Data Protection Agency has committed to making its websites accessible in accordance with Royal Decree 1112\/2018, of September 7, on the accessibility of public sector websites and applications for mobile devices . https:\/\/www.boe.es\/buscar\/act.php?id=BOE-A-2018-12699 COMPLIANCE SITUATIONThis website is partially compliant [\u2026]<\/p>","protected":false},"author":2,"featured_media":0,"parent":0,"menu_order":0,"comment_status":"closed","ping_status":"closed","template":"","meta":{"footnotes":""},"class_list":["post-818","page","type-page","status-publish","hentry"],"yoast_head":"<!-- This site is optimized with the Yoast SEO Premium plugin v22.7 (Yoast SEO v27.3) - https:\/\/yoast.com\/product\/yoast-seo-premium-wordpress\/ -->\n<title>Declaraci\u00f3n de Accesibilidad - The Key Services<\/title>\n<meta name=\"robots\" content=\"index, follow, max-snippet:-1, max-image-preview:large, max-video-preview:-1\" \/>\n<link rel=\"canonical\" href=\"https:\/\/thekeyservices.es\/en\/declaracion-de-accesibilidad\/\" \/>\n<meta property=\"og:locale\" content=\"en_GB\" \/>\n<meta property=\"og:type\" content=\"article\" \/>\n<meta property=\"og:title\" content=\"Declaraci\u00f3n de Accesibilidad\" \/>\n<meta property=\"og:description\" content=\"DECLARACI\u00d3N DE ACCESIBILIDAD Declaraci\u00f3n de accesibilidadLa Agencia Espa\u00f1ola de Protecci\u00f3n de Datos se ha comprometido a hacer accesibles sus sitios web de conformidad con el Real Decreto 1112\/2018, de 7 de septiembre, sobre accesibilidad de los sitios web y aplicaciones para dispositivos m\u00f3viles del sector p\u00fablico. https:\/\/www.boe.es\/buscar\/act.php?id=BOE-A-2018-12699 SITUACI\u00d3N DE CUMPLIMIENTOEste sitio web es parcialmente conforme [&hellip;]\" \/>\n<meta property=\"og:url\" content=\"https:\/\/thekeyservices.es\/en\/declaracion-de-accesibilidad\/\" \/>\n<meta property=\"og:site_name\" content=\"The Key Services\" \/>\n<meta property=\"article:publisher\" content=\"https:\/\/www.facebook.com\/thekeyservices\/?locale=hi_IN\" \/>\n<meta property=\"article:modified_time\" content=\"2023-10-26T13:13:24+00:00\" \/>\n<meta property=\"og:image\" content=\"https:\/\/thekeyservices.es\/wp-content\/uploads\/2023\/11\/DSC02241.jpg\" \/>\n\t<meta property=\"og:image:width\" content=\"2048\" \/>\n\t<meta property=\"og:image:height\" content=\"1369\" \/>\n\t<meta property=\"og:image:type\" content=\"image\/jpeg\" \/>\n<meta name=\"twitter:card\" content=\"summary_large_image\" \/>\n<meta name=\"twitter:label1\" content=\"Estimated reading time\" \/>\n\t<meta name=\"twitter:data1\" content=\"4 minutes\" \/>\n<script type=\"application\/ld+json\" class=\"yoast-schema-graph\">{\"@context\":\"https:\\\/\\\/schema.org\",\"@graph\":[{\"@type\":\"WebPage\",\"@id\":\"https:\\\/\\\/thekeyservices.es\\\/declaracion-de-accesibilidad\\\/\",\"url\":\"https:\\\/\\\/thekeyservices.es\\\/declaracion-de-accesibilidad\\\/\",\"name\":\"Declaraci\u00f3n de Accesibilidad - The Key Services\",\"isPartOf\":{\"@id\":\"https:\\\/\\\/thekeyservices.es\\\/#website\"},\"datePublished\":\"2023-10-26T13:11:34+00:00\",\"dateModified\":\"2023-10-26T13:13:24+00:00\",\"breadcrumb\":{\"@id\":\"https:\\\/\\\/thekeyservices.es\\\/declaracion-de-accesibilidad\\\/#breadcrumb\"},\"inLanguage\":\"en-GB\",\"potentialAction\":[{\"@type\":\"ReadAction\",\"target\":[\"https:\\\/\\\/thekeyservices.es\\\/declaracion-de-accesibilidad\\\/\"]}]},{\"@type\":\"BreadcrumbList\",\"@id\":\"https:\\\/\\\/thekeyservices.es\\\/declaracion-de-accesibilidad\\\/#breadcrumb\",\"itemListElement\":[{\"@type\":\"ListItem\",\"position\":1,\"name\":\"Portada\",\"item\":\"https:\\\/\\\/thekeyservices.es\\\/\"},{\"@type\":\"ListItem\",\"position\":2,\"name\":\"Declaraci\u00f3n de Accesibilidad\"}]},{\"@type\":\"WebSite\",\"@id\":\"https:\\\/\\\/thekeyservices.es\\\/#website\",\"url\":\"https:\\\/\\\/thekeyservices.es\\\/\",\"name\":\"The Key Services\",\"description\":\"Alquiler Vacacional en Calpe y Alicante\",\"publisher\":{\"@id\":\"https:\\\/\\\/thekeyservices.es\\\/#organization\"},\"potentialAction\":[{\"@type\":\"SearchAction\",\"target\":{\"@type\":\"EntryPoint\",\"urlTemplate\":\"https:\\\/\\\/thekeyservices.es\\\/?s={search_term_string}\"},\"query-input\":{\"@type\":\"PropertyValueSpecification\",\"valueRequired\":true,\"valueName\":\"search_term_string\"}}],\"inLanguage\":\"en-GB\"},{\"@type\":\"Organization\",\"@id\":\"https:\\\/\\\/thekeyservices.es\\\/#organization\",\"name\":\"The Key Services\",\"url\":\"https:\\\/\\\/thekeyservices.es\\\/\",\"logo\":{\"@type\":\"ImageObject\",\"inLanguage\":\"en-GB\",\"@id\":\"https:\\\/\\\/thekeyservices.es\\\/#\\\/schema\\\/logo\\\/image\\\/\",\"url\":\"https:\\\/\\\/thekeyservices.es\\\/wp-content\\\/uploads\\\/2023\\\/11\\\/the-key-logo-calpe.png\",\"contentUrl\":\"https:\\\/\\\/thekeyservices.es\\\/wp-content\\\/uploads\\\/2023\\\/11\\\/the-key-logo-calpe.png\",\"width\":600,\"height\":300,\"caption\":\"The Key Services\"},\"image\":{\"@id\":\"https:\\\/\\\/thekeyservices.es\\\/#\\\/schema\\\/logo\\\/image\\\/\"},\"sameAs\":[\"https:\\\/\\\/www.facebook.com\\\/thekeyservices\\\/?locale=hi_IN\",\"https:\\\/\\\/www.instagram.com\\\/thekeyservices\\\/?hl=es\"]}]}<\/script>\n<!-- \/ Yoast SEO Premium plugin. -->","yoast_head_json":{"title":"Declaraci\u00f3n de Accesibilidad - The Key Services","robots":{"index":"index","follow":"follow","max-snippet":"max-snippet:-1","max-image-preview":"max-image-preview:large","max-video-preview":"max-video-preview:-1"},"canonical":"https:\/\/thekeyservices.es\/en\/declaracion-de-accesibilidad\/","og_locale":"en_GB","og_type":"article","og_title":"Declaraci\u00f3n de Accesibilidad","og_description":"DECLARACI\u00d3N DE ACCESIBILIDAD Declaraci\u00f3n de accesibilidadLa Agencia Espa\u00f1ola de Protecci\u00f3n de Datos se ha comprometido a hacer accesibles sus sitios web de conformidad con el Real Decreto 1112\/2018, de 7 de septiembre, sobre accesibilidad de los sitios web y aplicaciones para dispositivos m\u00f3viles del sector p\u00fablico. https:\/\/www.boe.es\/buscar\/act.php?id=BOE-A-2018-12699 SITUACI\u00d3N DE CUMPLIMIENTOEste sitio web es parcialmente conforme [&hellip;]","og_url":"https:\/\/thekeyservices.es\/en\/declaracion-de-accesibilidad\/","og_site_name":"The Key Services","article_publisher":"https:\/\/www.facebook.com\/thekeyservices\/?locale=hi_IN","article_modified_time":"2023-10-26T13:13:24+00:00","og_image":[{"width":2048,"height":1369,"url":"https:\/\/thekeyservices.es\/wp-content\/uploads\/2023\/11\/DSC02241.jpg","type":"image\/jpeg"}],"twitter_card":"summary_large_image","twitter_misc":{"Estimated reading time":"4 minutes"},"schema":{"@context":"https:\/\/schema.org","@graph":[{"@type":"WebPage","@id":"https:\/\/thekeyservices.es\/declaracion-de-accesibilidad\/","url":"https:\/\/thekeyservices.es\/declaracion-de-accesibilidad\/","name":"Declaraci\u00f3n de Accesibilidad - The Key Services","isPartOf":{"@id":"https:\/\/thekeyservices.es\/#website"},"datePublished":"2023-10-26T13:11:34+00:00","dateModified":"2023-10-26T13:13:24+00:00","breadcrumb":{"@id":"https:\/\/thekeyservices.es\/declaracion-de-accesibilidad\/#breadcrumb"},"inLanguage":"en-GB","potentialAction":[{"@type":"ReadAction","target":["https:\/\/thekeyservices.es\/declaracion-de-accesibilidad\/"]}]},{"@type":"BreadcrumbList","@id":"https:\/\/thekeyservices.es\/declaracion-de-accesibilidad\/#breadcrumb","itemListElement":[{"@type":"ListItem","position":1,"name":"Portada","item":"https:\/\/thekeyservices.es\/"},{"@type":"ListItem","position":2,"name":"Declaraci\u00f3n de Accesibilidad"}]},{"@type":"WebSite","@id":"https:\/\/thekeyservices.es\/#website","url":"https:\/\/thekeyservices.es\/","name":"The Key Services","description":"Alquiler Vacacional en Calpe y Alicante","publisher":{"@id":"https:\/\/thekeyservices.es\/#organization"},"potentialAction":[{"@type":"SearchAction","target":{"@type":"EntryPoint","urlTemplate":"https:\/\/thekeyservices.es\/?s={search_term_string}"},"query-input":{"@type":"PropertyValueSpecification","valueRequired":true,"valueName":"search_term_string"}}],"inLanguage":"en-GB"},{"@type":"Organization","@id":"https:\/\/thekeyservices.es\/#organization","name":"The Key Services","url":"https:\/\/thekeyservices.es\/","logo":{"@type":"ImageObject","inLanguage":"en-GB","@id":"https:\/\/thekeyservices.es\/#\/schema\/logo\/image\/","url":"https:\/\/thekeyservices.es\/wp-content\/uploads\/2023\/11\/the-key-logo-calpe.png","contentUrl":"https:\/\/thekeyservices.es\/wp-content\/uploads\/2023\/11\/the-key-logo-calpe.png","width":600,"height":300,"caption":"The Key Services"},"image":{"@id":"https:\/\/thekeyservices.es\/#\/schema\/logo\/image\/"},"sameAs":["https:\/\/www.facebook.com\/thekeyservices\/?locale=hi_IN","https:\/\/www.instagram.com\/thekeyservices\/?hl=es"]}]}},"_links":{"self":[{"href":"https:\/\/thekeyservices.es\/en\/wp-json\/wp\/v2\/pages\/818","targetHints":{"allow":["GET"]}}],"collection":[{"href":"https:\/\/thekeyservices.es\/en\/wp-json\/wp\/v2\/pages"}],"about":[{"href":"https:\/\/thekeyservices.es\/en\/wp-json\/wp\/v2\/types\/page"}],"author":[{"embeddable":true,"href":"https:\/\/thekeyservices.es\/en\/wp-json\/wp\/v2\/users\/2"}],"replies":[{"embeddable":true,"href":"https:\/\/thekeyservices.es\/en\/wp-json\/wp\/v2\/comments?post=818"}],"version-history":[{"count":4,"href":"https:\/\/thekeyservices.es\/en\/wp-json\/wp\/v2\/pages\/818\/revisions"}],"predecessor-version":[{"id":823,"href":"https:\/\/thekeyservices.es\/en\/wp-json\/wp\/v2\/pages\/818\/revisions\/823"}],"wp:attachment":[{"href":"https:\/\/thekeyservices.es\/en\/wp-json\/wp\/v2\/media?parent=818"}],"curies":[{"name":"wp","href":"https:\/\/api.w.org\/{rel}","templated":true}]}}