{"id":809,"date":"2023-10-26T13:04:41","date_gmt":"2023-10-26T13:04:41","guid":{"rendered":"https:\/\/thekeyservices.es\/?page_id=809"},"modified":"2023-11-06T15:39:45","modified_gmt":"2023-11-06T15:39:45","slug":"aviso-legal","status":"publish","type":"page","link":"https:\/\/thekeyservices.es\/fr\/aviso-legal\/","title":{"rendered":"Avis juridique"},"content":{"rendered":"<div data-elementor-type=\"wp-page\" data-elementor-id=\"809\" class=\"elementor elementor-809\" data-elementor-post-type=\"page\">\n\t\t\t\t<div data-particle_enable=\"false\" data-particle-mobile-disabled=\"false\" class=\"elementor-element elementor-element-4334ff2c e-flex e-con-boxed e-con e-parent\" data-id=\"4334ff2c\" data-element_type=\"container\" data-e-type=\"container\" data-settings=\"{&quot;background_background&quot;:&quot;classic&quot;,&quot;jet_parallax_layout_list&quot;:[]}\">\n\t\t\t\t\t<div class=\"e-con-inner\">\n\t\t<div data-particle_enable=\"false\" data-particle-mobile-disabled=\"false\" class=\"elementor-element elementor-element-4804c509 e-flex e-con-boxed e-con e-child\" data-id=\"4804c509\" data-element_type=\"container\" data-e-type=\"container\" data-settings=\"{&quot;jet_parallax_layout_list&quot;:[]}\">\n\t\t\t\t\t<div class=\"e-con-inner\">\n\t\t\t\t<div class=\"elementor-element elementor-element-1fad46c4 elementor-widget elementor-widget-heading\" data-id=\"1fad46c4\" data-element_type=\"widget\" data-e-type=\"widget\" data-widget_type=\"heading.default\">\n\t\t\t\t<div class=\"elementor-widget-container\">\n\t\t\t\t\t<h2 class=\"elementor-heading-title elementor-size-default\"> AVIS JURIDIQUE<\/h2>\t\t\t\t<\/div>\n\t\t\t\t<\/div>\n\t\t\t\t\t<\/div>\n\t\t\t\t<\/div>\n\t\t\t\t\t<\/div>\n\t\t\t\t<\/div>\n\t\t<div data-particle_enable=\"false\" data-particle-mobile-disabled=\"false\" class=\"elementor-element elementor-element-5d9ed8f8 e-flex e-con-boxed e-con e-parent\" data-id=\"5d9ed8f8\" data-element_type=\"container\" data-e-type=\"container\" data-settings=\"{&quot;jet_parallax_layout_list&quot;:[]}\">\n\t\t\t\t\t<div class=\"e-con-inner\">\n\t\t<div data-particle_enable=\"false\" data-particle-mobile-disabled=\"false\" class=\"elementor-element elementor-element-348546a4 e-con-full e-flex e-con e-child\" data-id=\"348546a4\" data-element_type=\"container\" data-e-type=\"container\" data-settings=\"{&quot;jet_parallax_layout_list&quot;:[]}\">\n\t\t\t\t<div class=\"elementor-element elementor-element-2868c5c4 elementor-widget elementor-widget-text-editor\" data-id=\"2868c5c4\" data-element_type=\"widget\" data-e-type=\"widget\" data-widget_type=\"text-editor.default\">\n\t\t\t\t<div class=\"elementor-widget-container\">\n\t\t\t\t\t\t\t\t\t<p><strong>LA POSSESSION<br><\/strong>Conform\u00e9ment aux obligations \u00e9tablies par l&#039;article 10 de la loi 34\/2002 du 11 juillet sur les services de la soci\u00e9t\u00e9 de l&#039;information et du commerce \u00e9lectronique, il est indiqu\u00e9 que cette page correspond \u00e0 l&#039;entit\u00e9\u00a0:<\/p>\n<p>TANIA SANCHIS BLANES<br>NIF\u00a0: 26747804T<br>Adresse : Partida la Manzanera, r\u00e9sidentiel Vistahermosa 22H. 03710 Calp, Alicante<br>T\u00e9l. : +34 639 17 11 28<br>Courriel\u00a0: info@thekeyservices.com<br>Web\u00a0: thekeyservices.com<\/p>\n<p><strong>UTILISATEURS<\/strong><br>L&#039;acc\u00e8s et\/ou l&#039;utilisation de ce portail TANIA SANCHIS BLANES attribue la condition d&#039;UTILISATEUR, qui accepte, \u00e0 partir dudit acc\u00e8s et\/ou utilisation, les Conditions G\u00e9n\u00e9rales d&#039;Utilisation refl\u00e9t\u00e9es ici. Les Conditions susvis\u00e9es s\u2019appliqueront quelles que soient les Conditions G\u00e9n\u00e9rales de Contrat qui, le cas \u00e9ch\u00e9ant, sont obligatoires.<\/p>\n<p><strong>UTILISATION DU PORTAIL<\/strong><br>La Cl\u00e9 donne acc\u00e8s \u00e0 ses conc\u00e9dants de licence auxquels l&#039;UTILISATEUR peut avoir acc\u00e8s. L&#039;UTILISATEUR assume la responsabilit\u00e9 de l&#039;utilisation du portail. Cette responsabilit\u00e9 s&#039;\u00e9tend \u00e0 l&#039;inscription n\u00e9cessaire pour acc\u00e9der \u00e0 certains services ou contenus. Lors de cette inscription, l&#039;UTILISATEUR sera responsable de fournir des informations v\u00e9ridiques et licites. \u00c0 la suite de cette inscription, l&#039;UTILISATEUR pourra se voir attribuer un mot de passe dont il sera responsable, s&#039;engageant \u00e0 en faire un usage diligent et confidentiel. L&#039;UTILISATEUR s&#039;engage \u00e0 faire un usage appropri\u00e9 des contenus et services que TANIA SANCHIS BLANES peut proposer \u00e0 travers son portail et, \u00e0 titre d&#039;exemple mais non limitatif, \u00e0 ne pas les utiliser pour (i) se livrer \u00e0 des activit\u00e9s illicites, ill\u00e9gales ou contraires de bonne foi. et l&#039;ordre public\u00a0; (ii) diffuser des contenus ou de la propagande \u00e0 caract\u00e8re raciste, x\u00e9nophobe, pornographique-ill\u00e9gal, pr\u00f4nant le terrorisme ou violant les droits de l&#039;homme ; (iii) causer des dommages aux syst\u00e8mes physiques et logiques de TANIA SANCHIS BLANES de ses fournisseurs ou de tiers, introduire ou propager des virus informatiques sur le r\u00e9seau ou tout autre syst\u00e8me physique ou logique susceptible de causer les dommages susmentionn\u00e9s\u00a0; (iv) tenter d&#039;acc\u00e9der et, le cas \u00e9ch\u00e9ant, d&#039;utiliser les comptes de messagerie d&#039;autres utilisateurs et de modifier ou manipuler leurs messages. TANIA SANCHIS BLANES se r\u00e9serve le droit de retirer tous les commentaires et contributions qui porteraient atteinte au respect de la dignit\u00e9 de la personne, qui seraient discriminatoires, x\u00e9nophobes, racistes, pornographiques, qui porteraient atteinte \u00e0 la jeunesse ou \u00e0 l&#039;enfance, \u00e0 l&#039;ordre ou \u00e0 la s\u00e9curit\u00e9 publique ou qui, \u00e0 son avis, ne conviennent pas \u00e0 la publication. En aucun cas, TANIA SANCHIS BLANES ne sera responsable des opinions exprim\u00e9es par les utilisateurs \u00e0 travers les forums, chats ou autres outils de participation.<\/p>\n<p><strong>PROPRI\u00c9T\u00c9 INTELLECTUELLE ET INDUSTRIELLE<br><\/strong>TANIA SANCHIS BLANES, seule ou en tant que cessionnaire, est propri\u00e9taire de tous les droits de propri\u00e9t\u00e9 intellectuelle et industrielle de son site Internet, ainsi que des \u00e9l\u00e9ments qui y sont contenus (\u00e0 titre d&#039;exemple, images, sons, audio, vid\u00e9o, logiciels ou textes). ). ; marques ou logos, combinaisons de couleurs, structure et design, s\u00e9lection des mat\u00e9riaux utilis\u00e9s, programmes informatiques n\u00e9cessaires \u00e0 son fonctionnement, acc\u00e8s et utilisation, etc.), propri\u00e9t\u00e9 de TANIA SANCHIS BLANES ou de ses conc\u00e9dants de licence. Tous droits r\u00e9serv\u00e9s. En vertu des dispositions des articles 8 et 32.1, deuxi\u00e8me alin\u00e9a, de la Loi sur la Propri\u00e9t\u00e9 Intellectuelle, la reproduction, la distribution et la communication publique, y compris le mode de mise \u00e0 disposition, de tout ou partie du contenu de ce site Web, \u00e0 des fins commerciales , sur tout support et par tout moyen technique, sans l&#039;autorisation de TANIA SANCHIS BLANES L&#039;UTILISATEUR s&#039;engage \u00e0 respecter les droits de Propri\u00e9t\u00e9 Intellectuelle et Industrielle d\u00e9tenus par TANIA SANCHIS BLANES Vous pourrez visualiser les \u00e9l\u00e9ments du portail et m\u00eame imprimer, copier et les conserver sur le disque dur de votre ordinateur ou sur tout autre support physique pour autant que ce soit, uniquement et exclusivement, pour votre usage personnel et priv\u00e9. L&#039;UTILISATEUR doit s&#039;abstenir de supprimer, alt\u00e9rer, \u00e9luder ou manipuler tout dispositif de protection ou syst\u00e8me de s\u00e9curit\u00e9 install\u00e9 sur les pages de TANIA SANCHIS BLANES.<\/p>\n<p><strong>ADRESSES IP<\/strong><br>Les serveurs du site Web peuvent d\u00e9tecter automatiquement l&#039;adresse IP et le nom de domaine utilis\u00e9s par l&#039;utilisateur. Une adresse IP est un num\u00e9ro automatiquement attribu\u00e9 \u00e0 un ordinateur lorsqu&#039;il se connecte \u00e0 Internet. Toutes ces informations sont enregistr\u00e9es dans un fichier d&#039;activit\u00e9 du serveur d\u00fbment enregistr\u00e9 qui permet le traitement ult\u00e9rieur des donn\u00e9es afin d&#039;obtenir uniquement des mesures statistiques permettant de conna\u00eetre le nombre d&#039;impressions de pages, le nombre de visites effectu\u00e9es sur les services Web, l&#039;ordre des visites. , le point d&#039;acc\u00e8s, etc.<\/p>\n<p><strong>EXCLUSION DE GARANTIES ET DE RESPONSABILIT\u00c9<\/strong><br>TANIA SANCHIS BLANES n&#039;est en aucun cas responsable des dommages de toute nature qui pourraient \u00eatre caus\u00e9s, \u00e0 titre d&#039;exemple : des erreurs ou omissions dans le contenu, le manque de disponibilit\u00e9 du portail ou la transmission de virus ou de programmes malveillants ou nuisibles. dans le contenu, m\u00eame si nous avons adopt\u00e9 toutes les mesures technologiques n\u00e9cessaires pour l&#039;\u00e9viter.<\/p>\n<p><strong>MODIFICATIONS<\/strong><br>TANIA SANCHIS BLANES se r\u00e9serve le droit d&#039;apporter, sans pr\u00e9avis, toutes modifications qu&#039;elle jugera appropri\u00e9es \u00e0 son portail, et pourra changer, supprimer ou ajouter tant le contenu et les services fournis par son interm\u00e9diaire que la mani\u00e8re dont ils sont pr\u00e9sent\u00e9s ou localis\u00e9s. portail.<\/p>\n<p><strong>LIENS<\/strong><br>Dans le cas o\u00f9 junksantosbartolome.com contient des liens ou des hyperliens vers d&#039;autres sites Internet, TANIA SANCHIS BLANES n&#039;exercera aucun type de contr\u00f4le sur lesdits sites et contenus. En aucun cas TANIA SANCHIS BLANES n&#039;assumera aucune responsabilit\u00e9 quant au contenu de tout lien appartenant \u00e0 un site Web tiers, ni ne garantira la disponibilit\u00e9 technique, la qualit\u00e9, la fiabilit\u00e9, l&#039;exactitude, l&#039;\u00e9tendue, la v\u00e9racit\u00e9, la validit\u00e9 et la constitutionnalit\u00e9 de tout mat\u00e9riel ou information contenu. dans l\u2019un de ces hyperliens ou autres sites Internet. De m\u00eame, l&#039;inclusion de ces connexions externes n&#039;impliquera aucun type d&#039;association, fusion ou participation avec les entit\u00e9s connect\u00e9es.<\/p>\n<p><strong>DROIT D&#039;EXCLUSION<br><\/strong>TANIA SANCHIS BLANES se r\u00e9serve le droit de refuser ou de retirer l&#039;acc\u00e8s au portail et\/ou aux services offerts sans pr\u00e9avis, \u00e0 sa propre demande ou \u00e0 celle d&#039;un tiers, aux utilisateurs qui ne respecteraient pas les pr\u00e9sentes Conditions G\u00e9n\u00e9rales d&#039;Utilisation.<\/p>\n<p><strong>G\u00c9N\u00c9RALIT\u00c9S<\/strong><br>TANIA SANCHIS BLANES poursuivra le non-respect de ces conditions, ainsi que toute utilisation abusive de son portail, en exer\u00e7ant toutes les actions civiles et p\u00e9nales qui pourraient lui correspondre par la loi.<\/p>\n<p><strong>MODIFICATION DE CES CONDITIONS ET DUR\u00c9E<\/strong><br>TANIA SANCHIS BLANES peut modifier \u00e0 tout moment les conditions d\u00e9termin\u00e9es ici, \u00e9tant d\u00fbment publi\u00e9es telles qu&#039;elles apparaissent ici. La validit\u00e9 des conditions susmentionn\u00e9es d\u00e9pendra de leur exposition et sera en vigueur jusqu&#039;\u00e0 ce qu&#039;elles soient modifi\u00e9es par d&#039;autres d\u00fbment publi\u00e9es.<\/p>\n<p><strong>S\u00c9CURIT\u00c9<\/strong><br>Le site Web utilise des techniques de s\u00e9curit\u00e9 des informations g\u00e9n\u00e9ralement accept\u00e9es dans l&#039;industrie, telles que des pare-feu, des proc\u00e9dures de contr\u00f4le d&#039;acc\u00e8s et des m\u00e9canismes cryptographiques, le tout dans le but d&#039;emp\u00eacher tout acc\u00e8s non autoris\u00e9 aux donn\u00e9es. Pour atteindre ces objectifs, l&#039;utilisateur\/client accepte que le fournisseur obtienne des donn\u00e9es aux fins de l&#039;authentification correspondante des contr\u00f4les d&#039;acc\u00e8s.<\/p>\n<p>Tout processus contractuel ou impliquant l&#039;introduction de donn\u00e9es personnelles de haut niveau (sant\u00e9, id\u00e9ologie, etc.) sera toujours transmis via un protocole de communication s\u00e9curis\u00e9 (Https:\/\/,...), de telle sorte qu&#039;aucun tiers partie a acc\u00e8s aux informations transmises par voie \u00e9lectronique.<\/p>\n<p><strong>LOI APPLICABLE ET JURIDICTION<\/strong><br>La relation entre TANIA SANCHIS BLANES et l&#039;UTILISATEUR sera r\u00e9gie par la r\u00e9glementation espagnole en vigueur et toute controverse sera soumise aux Cours et Tribunaux correspondants.<\/p>\t\t\t\t\t\t\t\t<\/div>\n\t\t\t\t<\/div>\n\t\t\t\t<\/div>\n\t\t\t\t\t<\/div>\n\t\t\t\t<\/div>\n\t\t\t\t<\/div>","protected":false},"excerpt":{"rendered":"<p>AVISO LEGAL TITULARIDADEn cumplimiento de las obligaciones establecidas en el art\u00edculo 10 de la Ley 34\/2002, de 11 de julio, de Servicios de la Sociedad de la Informaci\u00f3n y Comercio Electr\u00f3nico, se hace constar que esta p\u00e1gina corresponde a la entidad: TANIA SANCHIS BLANESNIF: 26747804TDomicilio: Partida la Manzanera, residencial Vistahermosa 22H. 03710 Calpe, AlicanteTfno.: +34 [&hellip;]<\/p>\n","protected":false},"author":2,"featured_media":0,"parent":0,"menu_order":0,"comment_status":"closed","ping_status":"closed","template":"","meta":{"footnotes":""},"class_list":["post-809","page","type-page","status-publish","hentry"],"yoast_head":"<!-- This site is optimized with the Yoast SEO Premium plugin v22.7 (Yoast SEO v27.4) - https:\/\/yoast.com\/product\/yoast-seo-premium-wordpress\/ -->\n<title>Aviso Legal - The Key Services<\/title>\n<meta name=\"robots\" content=\"index, follow, max-snippet:-1, max-image-preview:large, max-video-preview:-1\" \/>\n<link rel=\"canonical\" href=\"https:\/\/thekeyservices.es\/fr\/aviso-legal\/\" \/>\n<meta property=\"og:locale\" content=\"fr_FR\" \/>\n<meta property=\"og:type\" content=\"article\" \/>\n<meta property=\"og:title\" content=\"Aviso Legal\" \/>\n<meta property=\"og:description\" content=\"AVISO LEGAL TITULARIDADEn cumplimiento de las obligaciones establecidas en el art\u00edculo 10 de la Ley 34\/2002, de 11 de julio, de Servicios de la Sociedad de la Informaci\u00f3n y Comercio Electr\u00f3nico, se hace constar que esta p\u00e1gina corresponde a la entidad: TANIA SANCHIS BLANESNIF: 26747804TDomicilio: Partida la Manzanera, residencial Vistahermosa 22H. 03710 Calpe, AlicanteTfno.: +34 [&hellip;]\" \/>\n<meta property=\"og:url\" content=\"https:\/\/thekeyservices.es\/fr\/aviso-legal\/\" \/>\n<meta property=\"og:site_name\" content=\"The Key Services\" \/>\n<meta property=\"article:publisher\" content=\"https:\/\/www.facebook.com\/thekeyservices\/?locale=hi_IN\" \/>\n<meta property=\"article:modified_time\" content=\"2023-11-06T15:39:45+00:00\" \/>\n<meta property=\"og:image\" content=\"https:\/\/thekeyservices.es\/wp-content\/uploads\/2023\/11\/DSC02241.jpg\" \/>\n\t<meta property=\"og:image:width\" content=\"2048\" \/>\n\t<meta property=\"og:image:height\" content=\"1369\" \/>\n\t<meta property=\"og:image:type\" content=\"image\/jpeg\" \/>\n<meta name=\"twitter:card\" content=\"summary_large_image\" \/>\n<meta name=\"twitter:label1\" content=\"Dur\u00e9e de lecture estim\u00e9e\" \/>\n\t<meta name=\"twitter:data1\" content=\"7 minutes\" \/>\n<script type=\"application\/ld+json\" class=\"yoast-schema-graph\">{\"@context\":\"https:\\\/\\\/schema.org\",\"@graph\":[{\"@type\":\"WebPage\",\"@id\":\"https:\\\/\\\/thekeyservices.es\\\/aviso-legal\\\/\",\"url\":\"https:\\\/\\\/thekeyservices.es\\\/aviso-legal\\\/\",\"name\":\"Aviso Legal - The Key Services\",\"isPartOf\":{\"@id\":\"https:\\\/\\\/thekeyservices.es\\\/#website\"},\"datePublished\":\"2023-10-26T13:04:41+00:00\",\"dateModified\":\"2023-11-06T15:39:45+00:00\",\"breadcrumb\":{\"@id\":\"https:\\\/\\\/thekeyservices.es\\\/aviso-legal\\\/#breadcrumb\"},\"inLanguage\":\"fr-FR\",\"potentialAction\":[{\"@type\":\"ReadAction\",\"target\":[\"https:\\\/\\\/thekeyservices.es\\\/aviso-legal\\\/\"]}]},{\"@type\":\"BreadcrumbList\",\"@id\":\"https:\\\/\\\/thekeyservices.es\\\/aviso-legal\\\/#breadcrumb\",\"itemListElement\":[{\"@type\":\"ListItem\",\"position\":1,\"name\":\"Portada\",\"item\":\"https:\\\/\\\/thekeyservices.es\\\/\"},{\"@type\":\"ListItem\",\"position\":2,\"name\":\"Aviso Legal\"}]},{\"@type\":\"WebSite\",\"@id\":\"https:\\\/\\\/thekeyservices.es\\\/#website\",\"url\":\"https:\\\/\\\/thekeyservices.es\\\/\",\"name\":\"The Key Services\",\"description\":\"Alquiler Vacacional en Calpe y Alrededores\",\"publisher\":{\"@id\":\"https:\\\/\\\/thekeyservices.es\\\/#organization\"},\"potentialAction\":[{\"@type\":\"SearchAction\",\"target\":{\"@type\":\"EntryPoint\",\"urlTemplate\":\"https:\\\/\\\/thekeyservices.es\\\/?s={search_term_string}\"},\"query-input\":{\"@type\":\"PropertyValueSpecification\",\"valueRequired\":true,\"valueName\":\"search_term_string\"}}],\"inLanguage\":\"fr-FR\"},{\"@type\":\"Organization\",\"@id\":\"https:\\\/\\\/thekeyservices.es\\\/#organization\",\"name\":\"The Key Services\",\"url\":\"https:\\\/\\\/thekeyservices.es\\\/\",\"logo\":{\"@type\":\"ImageObject\",\"inLanguage\":\"fr-FR\",\"@id\":\"https:\\\/\\\/thekeyservices.es\\\/#\\\/schema\\\/logo\\\/image\\\/\",\"url\":\"https:\\\/\\\/thekeyservices.es\\\/wp-content\\\/uploads\\\/2023\\\/11\\\/the-key-logo-calpe.png\",\"contentUrl\":\"https:\\\/\\\/thekeyservices.es\\\/wp-content\\\/uploads\\\/2023\\\/11\\\/the-key-logo-calpe.png\",\"width\":600,\"height\":300,\"caption\":\"The Key Services\"},\"image\":{\"@id\":\"https:\\\/\\\/thekeyservices.es\\\/#\\\/schema\\\/logo\\\/image\\\/\"},\"sameAs\":[\"https:\\\/\\\/www.facebook.com\\\/thekeyservices\\\/?locale=hi_IN\",\"https:\\\/\\\/www.instagram.com\\\/thekeyservices\\\/?hl=es\"]}]}<\/script>\n<!-- \/ Yoast SEO Premium plugin. -->","yoast_head_json":{"title":"Aviso Legal - The Key Services","robots":{"index":"index","follow":"follow","max-snippet":"max-snippet:-1","max-image-preview":"max-image-preview:large","max-video-preview":"max-video-preview:-1"},"canonical":"https:\/\/thekeyservices.es\/fr\/aviso-legal\/","og_locale":"fr_FR","og_type":"article","og_title":"Aviso Legal","og_description":"AVISO LEGAL TITULARIDADEn cumplimiento de las obligaciones establecidas en el art\u00edculo 10 de la Ley 34\/2002, de 11 de julio, de Servicios de la Sociedad de la Informaci\u00f3n y Comercio Electr\u00f3nico, se hace constar que esta p\u00e1gina corresponde a la entidad: TANIA SANCHIS BLANESNIF: 26747804TDomicilio: Partida la Manzanera, residencial Vistahermosa 22H. 03710 Calpe, AlicanteTfno.: +34 [&hellip;]","og_url":"https:\/\/thekeyservices.es\/fr\/aviso-legal\/","og_site_name":"The Key Services","article_publisher":"https:\/\/www.facebook.com\/thekeyservices\/?locale=hi_IN","article_modified_time":"2023-11-06T15:39:45+00:00","og_image":[{"width":2048,"height":1369,"url":"https:\/\/thekeyservices.es\/wp-content\/uploads\/2023\/11\/DSC02241.jpg","type":"image\/jpeg"}],"twitter_card":"summary_large_image","twitter_misc":{"Dur\u00e9e de lecture estim\u00e9e":"7 minutes"},"schema":{"@context":"https:\/\/schema.org","@graph":[{"@type":"WebPage","@id":"https:\/\/thekeyservices.es\/aviso-legal\/","url":"https:\/\/thekeyservices.es\/aviso-legal\/","name":"Aviso Legal - The Key Services","isPartOf":{"@id":"https:\/\/thekeyservices.es\/#website"},"datePublished":"2023-10-26T13:04:41+00:00","dateModified":"2023-11-06T15:39:45+00:00","breadcrumb":{"@id":"https:\/\/thekeyservices.es\/aviso-legal\/#breadcrumb"},"inLanguage":"fr-FR","potentialAction":[{"@type":"ReadAction","target":["https:\/\/thekeyservices.es\/aviso-legal\/"]}]},{"@type":"BreadcrumbList","@id":"https:\/\/thekeyservices.es\/aviso-legal\/#breadcrumb","itemListElement":[{"@type":"ListItem","position":1,"name":"Portada","item":"https:\/\/thekeyservices.es\/"},{"@type":"ListItem","position":2,"name":"Aviso Legal"}]},{"@type":"WebSite","@id":"https:\/\/thekeyservices.es\/#website","url":"https:\/\/thekeyservices.es\/","name":"Les services cl\u00e9s","description":"Alquiler Vacacional en Calpe y Alrededores","publisher":{"@id":"https:\/\/thekeyservices.es\/#organization"},"potentialAction":[{"@type":"SearchAction","target":{"@type":"EntryPoint","urlTemplate":"https:\/\/thekeyservices.es\/?s={search_term_string}"},"query-input":{"@type":"PropertyValueSpecification","valueRequired":true,"valueName":"search_term_string"}}],"inLanguage":"fr-FR"},{"@type":"Organization","@id":"https:\/\/thekeyservices.es\/#organization","name":"Les services cl\u00e9s","url":"https:\/\/thekeyservices.es\/","logo":{"@type":"ImageObject","inLanguage":"fr-FR","@id":"https:\/\/thekeyservices.es\/#\/schema\/logo\/image\/","url":"https:\/\/thekeyservices.es\/wp-content\/uploads\/2023\/11\/the-key-logo-calpe.png","contentUrl":"https:\/\/thekeyservices.es\/wp-content\/uploads\/2023\/11\/the-key-logo-calpe.png","width":600,"height":300,"caption":"The Key Services"},"image":{"@id":"https:\/\/thekeyservices.es\/#\/schema\/logo\/image\/"},"sameAs":["https:\/\/www.facebook.com\/thekeyservices\/?locale=hi_IN","https:\/\/www.instagram.com\/thekeyservices\/?hl=es"]}]}},"_links":{"self":[{"href":"https:\/\/thekeyservices.es\/fr\/wp-json\/wp\/v2\/pages\/809","targetHints":{"allow":["GET"]}}],"collection":[{"href":"https:\/\/thekeyservices.es\/fr\/wp-json\/wp\/v2\/pages"}],"about":[{"href":"https:\/\/thekeyservices.es\/fr\/wp-json\/wp\/v2\/types\/page"}],"author":[{"embeddable":true,"href":"https:\/\/thekeyservices.es\/fr\/wp-json\/wp\/v2\/users\/2"}],"replies":[{"embeddable":true,"href":"https:\/\/thekeyservices.es\/fr\/wp-json\/wp\/v2\/comments?post=809"}],"version-history":[{"count":10,"href":"https:\/\/thekeyservices.es\/fr\/wp-json\/wp\/v2\/pages\/809\/revisions"}],"predecessor-version":[{"id":996,"href":"https:\/\/thekeyservices.es\/fr\/wp-json\/wp\/v2\/pages\/809\/revisions\/996"}],"wp:attachment":[{"href":"https:\/\/thekeyservices.es\/fr\/wp-json\/wp\/v2\/media?parent=809"}],"curies":[{"name":"wp","href":"https:\/\/api.w.org\/{rel}","templated":true}]}}