{"id":818,"date":"2023-10-26T13:11:34","date_gmt":"2023-10-26T13:11:34","guid":{"rendered":"https:\/\/thekeyservices.es\/?page_id=818"},"modified":"2023-10-26T13:13:24","modified_gmt":"2023-10-26T13:13:24","slug":"declaracion-de-accesibilidad","status":"publish","type":"page","link":"https:\/\/thekeyservices.es\/fr\/declaracion-de-accesibilidad\/","title":{"rendered":"D\u00e9claration d&#039;accessibilit\u00e9"},"content":{"rendered":"<div data-elementor-type=\"wp-page\" data-elementor-id=\"818\" class=\"elementor elementor-818\" data-elementor-post-type=\"page\">\n\t\t\t\t<div data-particle_enable=\"false\" data-particle-mobile-disabled=\"false\" class=\"elementor-element elementor-element-58b2f025 e-flex e-con-boxed e-con e-parent\" data-id=\"58b2f025\" data-element_type=\"container\" data-e-type=\"container\" data-settings=\"{&quot;background_background&quot;:&quot;classic&quot;,&quot;jet_parallax_layout_list&quot;:[]}\">\n\t\t\t\t\t<div class=\"e-con-inner\">\n\t\t<div data-particle_enable=\"false\" data-particle-mobile-disabled=\"false\" class=\"elementor-element elementor-element-1de9549 e-flex e-con-boxed e-con e-child\" data-id=\"1de9549\" data-element_type=\"container\" data-e-type=\"container\" data-settings=\"{&quot;jet_parallax_layout_list&quot;:[]}\">\n\t\t\t\t\t<div class=\"e-con-inner\">\n\t\t\t\t<div class=\"elementor-element elementor-element-4681bd8b elementor-widget elementor-widget-heading\" data-id=\"4681bd8b\" data-element_type=\"widget\" data-e-type=\"widget\" data-widget_type=\"heading.default\">\n\t\t\t\t<div class=\"elementor-widget-container\">\n\t\t\t\t\t<h2 class=\"elementor-heading-title elementor-size-default\">D\u00c9CLARATION D&#039;ACCESSIBILIT\u00c9<\/h2>\t\t\t\t<\/div>\n\t\t\t\t<\/div>\n\t\t\t\t\t<\/div>\n\t\t\t\t<\/div>\n\t\t\t\t\t<\/div>\n\t\t\t\t<\/div>\n\t\t<div data-particle_enable=\"false\" data-particle-mobile-disabled=\"false\" class=\"elementor-element elementor-element-69bc22c1 e-flex e-con-boxed e-con e-parent\" data-id=\"69bc22c1\" data-element_type=\"container\" data-e-type=\"container\" data-settings=\"{&quot;jet_parallax_layout_list&quot;:[]}\">\n\t\t\t\t\t<div class=\"e-con-inner\">\n\t\t<div data-particle_enable=\"false\" data-particle-mobile-disabled=\"false\" class=\"elementor-element elementor-element-2a90daa0 e-con-full e-flex e-con e-child\" data-id=\"2a90daa0\" data-element_type=\"container\" data-e-type=\"container\" data-settings=\"{&quot;jet_parallax_layout_list&quot;:[]}\">\n\t\t\t\t<div class=\"elementor-element elementor-element-50cb22d6 elementor-widget elementor-widget-text-editor\" data-id=\"50cb22d6\" data-element_type=\"widget\" data-e-type=\"widget\" data-widget_type=\"text-editor.default\">\n\t\t\t\t<div class=\"elementor-widget-container\">\n\t\t\t\t\t\t\t\t\t<p><strong>D\u00e9claration d&#039;accessibilit\u00e9<\/strong><br \/>L&#039;Agence espagnole de protection des donn\u00e9es s&#039;est engag\u00e9e \u00e0 rendre accessibles ses sites Web conform\u00e9ment au d\u00e9cret royal 1112\/2018 du 7 septembre sur l&#039;accessibilit\u00e9 des sites Web et des applications pour les appareils mobiles du secteur public.<\/p><p><a href=\"https:\/\/www.boe.es\/buscar\/act.php?id=BOE-A-2018-12699\" target=\"_blank\" rel=\"noopener\">https:\/\/www.boe.es\/buscar\/act.php?id=BOE-A-2018-12699<\/a><\/p><p><strong>SITUATION DE CONFORMIT\u00c9<\/strong><br \/>Ce site Internet est partiellement conforme au RD 1112\/2018\u00a0<a href=\"https:\/\/www.boe.es\/diario_boe\/txt.php?id=BOE-A-2018-12699\" target=\"_blank\" rel=\"noopener\">https:\/\/www.boe.es\/diario_boe\/txt.php?id=BOE-A-2018-12699<\/a>\u00a0\u00a0en raison de<br \/>exceptions et d\u00e9faut de conformit\u00e9 des aspects indiqu\u00e9s ci-dessous.<\/p><p><strong>CONTENU NON ACCESSIBLE<\/strong><br \/>Le contenu collect\u00e9 ci-dessous n&#039;est pas accessible pour les raisons suivantes\u00a0:<\/p><p><b>Non-conformit\u00e9 au RD 1112\/2018\u00a0:<br \/><\/b>\u2013 Sur le portail, il peut y avoir du contenu dans d&#039;autres langues dans lequel le changement de langue n&#039;est pas correctement \u00e9tiquet\u00e9<br \/>\u2013 Les \u00e9l\u00e9ments multim\u00e9dias uniquement audio n\u2019ont pas d\u2019alternative<br \/>\u2013 Il y a des vid\u00e9os sans sous-titres<br \/>\u2013 Il y a du contenu textuel sans contraste suffisant<br \/>\u2013 On observe que dans certains cas la mise au point ne respecte pas le rapport de contraste minimum requis<br \/>\u2013 Dans certains cas, un chevauchement de contenu peut se produire<br \/>\u2013 Il existe des documents PDF avec des probl\u00e8mes d\u2019accessibilit\u00e9<\/p><p><b>\u00a0Charge disproportionn\u00e9e\u00a0:<br \/><\/b>\u00a0 \u00a0 \u00a0 \u00a0 \u00a0 - Ne s&#039;applique pas.<\/p><p><b>Le contenu n\u2019entre pas dans le champ d\u2019application de la l\u00e9gislation applicable\u00a0:<\/b><br \/>\u2013 Il peut y avoir des documents au format PDF publi\u00e9s avant le 20 septembre 2018 qui ne respectent pas enti\u00e8rement toutes les exigences en mati\u00e8re d&#039;accessibilit\u00e9.<\/p><p><strong>PR\u00c9PARATION DE CETTE D\u00c9CLARATION D&#039;ACCESSIBILIT\u00c9<\/strong><br \/>Cette d\u00e9claration a \u00e9t\u00e9 pr\u00e9par\u00e9e le 22 mars 2023.<br \/>La m\u00e9thode utilis\u00e9e pour cette d\u00e9claration a \u00e9t\u00e9 une auto-\u00e9valuation r\u00e9alis\u00e9e par l&#039;Agence elle-m\u00eame avec le support de l&#039;outil IRA (Accessibility Review Report).\u00a0<a href=\"https:\/\/herramienta-ira.administracionelectronica.gob.es\/#!\/\" target=\"_blank\" rel=\"noopener\">https:\/\/herramienta-ira.administracionelectronica.gob.es\/#!\/<\/a>\u00a0de l\u2019Observatoire de l\u2019Accessibilit\u00e9.<br \/>Derni\u00e8re r\u00e9vision de la d\u00e9claration : 22 mars 2023<\/p><p><strong>OBSERVATIONS ET COORDONN\u00c9ES<\/strong><br \/><b>\u2013 Communications sur les exigences d\u2019accessibilit\u00e9<br \/><\/b>Vous pouvez faire des communications sur les exigences d&#039;accessibilit\u00e9 (article 10.2.a de l&#039;AR 1112\/2018) comme, par exemple :<br \/><b>\u2013 signaler toute \u00e9ventuelle non-conformit\u00e9 de la part de ce site internet<br \/>\u2013 transmettre d\u2019autres difficult\u00e9s d\u2019acc\u00e8s au contenu<br \/>\u2013 formuler toute autre question ou suggestion d\u2019am\u00e9lioration concernant l\u2019accessibilit\u00e9 du site Internet\u00a0<\/b><\/p><p><b>via le formulaire de contact relatif aux exigences d&#039;accessibilit\u00e9\u00a0<a href=\"https:\/\/sedeagpd.gob.es\/sede-electronica-web\/vistas\/formQuejasSugerencias\/accesible_quejas.jsf\" target=\"_blank\" rel=\"noopener\">https:\/\/sedeagpd.gob.es\/sede-electronica-web\/vistas\/formQuejasSugerencias\/accesible_quejas.jsf<\/a>\u00a0d\u00e9sign\u00e9s \u00e0 cet effet au si\u00e8ge \u00e9lectronique de l&#039;Agence.<\/b><\/p><p>Les communications seront re\u00e7ues et trait\u00e9es par l&#039;Unit\u00e9 Charg\u00e9e de l&#039;Accessibilit\u00e9 de la Sous-direction G\u00e9n\u00e9rale de Promotion et Autorisations.<\/p><p><b>Demandes d\u2019information et plaintes accessibles<br \/><\/b>\u00c0 travers le\u00a0<a href=\"https:\/\/sedeagpd.gob.es\/sede-electronica-web\/vistas\/formQuejasSugerencias\/accesible_quejas.jsf\" target=\"_blank\" rel=\"noopener\">Formulaire de demande d&#039;information et de plainte sur l&#039;accessibilit\u00e9 pour les plaintes en mati\u00e8re d&#039;accessibilit\u00e9\u00a0<\/a>peut pr\u00e9senter :<br \/>\u2013 une r\u00e9clamation concernant le respect des exigences du RD 1112\/2018 ou<br \/>\u2013 une Demande d\u2019Information accessible relative \u00e0 :<br \/>\u00a0 \u00a0 \u00a0\u2013 ou des contenus exclus du champ d\u2019application du RD 1112\/2018 tel qu\u2019\u00e9tabli par l\u2019article 3, section 4<br \/>\u00a0 \u00a0 \u00a0\u2013 ou des contenus qui sont exempt\u00e9s du respect des exigences en mati\u00e8re d\u2019accessibilit\u00e9 parce qu\u2019ils imposent une charge disproportionn\u00e9e.<\/p><p>Dans la demande d&#039;informations accessibles, les faits, les raisons et la demande doivent \u00eatre clairement pr\u00e9cis\u00e9s afin de nous permettre de v\u00e9rifier qu&#039;il s&#039;agit d&#039;une demande raisonnable et l\u00e9gitime.<\/p><p><b>PROC\u00c9DURE DE DEMANDE<br \/><\/b>Si une fois qu&#039;une demande d&#039;information accessible ou une plainte a \u00e9t\u00e9 pr\u00e9sent\u00e9e, elle a \u00e9t\u00e9 rejet\u00e9e, la d\u00e9cision prise n&#039;est pas convenue ou la r\u00e9ponse ne r\u00e9pond pas aux exigences pr\u00e9vues \u00e0 l&#039;article 12.5 du RD 1112\/2018, la personne int\u00e9ress\u00e9e peut engager une proc\u00e9dure. r\u00e9clamer. De m\u00eame, une r\u00e9clamation peut \u00eatre initi\u00e9e si aucune r\u00e9ponse n\u2019a \u00e9t\u00e9 obtenue.<\/p><p>La proc\u00e9dure de r\u00e9clamation incluse \u00e0 l&#039;article 13 du RD 1112\/2018 peut \u00eatre lanc\u00e9e via ce lien.\u00a0<a href=\"https:\/\/sedeagpd.gob.es\/sede-electronica-web\/vistas\/formProcedimientoEntrada\/procedimientoEntradaAmpliado.jsf\" target=\"_blank\" rel=\"noopener\">https:\/\/sedeagpd.gob.es\/sede-electronica-web\/vistas\/formProcedimientoEntrada\/procedimientoEntradaAmpliado.jsf<\/a><\/p><p><b>CONTENU OPTIONNEL<br \/><\/b>Le site Web:<br \/>\u2013 a \u00e9t\u00e9 con\u00e7u pour s\u2019adapter aux normes et r\u00e9glementations en vigueur en mati\u00e8re d\u2019accessibilit\u00e9, en respectant les points de v\u00e9rification de priorit\u00e9 2 (AA) d\u00e9finis dans la sp\u00e9cification Web Content Accessibility Guidelines (WCAG 2.1)<br \/>\u2013 est optimis\u00e9 pour les derni\u00e8res versions de Chrome, Edge, Firefox, Safari et Opera<br \/>\u2013 est con\u00e7u pour une visualisation correcte sur n\u2019importe quelle r\u00e9solution et ordinateur de bureau, tablette ou appareil mobile (conception r\u00e9active)<br \/>\u2013 a \u00e9t\u00e9 r\u00e9alis\u00e9 en utilisant HTML5 comme langage de balisage et des feuilles de style CSS 3 pour sa conception<br \/><br \/>De plus, un travail continu d&#039;audit et de r\u00e9vision du contenu est effectu\u00e9 pour faciliter son interpr\u00e9tation et am\u00e9liorer la navigation sur le portail Web.<\/p>\t\t\t\t\t\t\t\t<\/div>\n\t\t\t\t<\/div>\n\t\t\t\t<\/div>\n\t\t\t\t\t<\/div>\n\t\t\t\t<\/div>\n\t\t\t\t<\/div>","protected":false},"excerpt":{"rendered":"<p>D\u00c9CLARATION D&#039;ACCESSIBILIT\u00c9 D\u00e9claration d&#039;accessibilit\u00e9L&#039;Agence espagnole de protection des donn\u00e9es s&#039;est engag\u00e9e \u00e0 rendre ses sites Web accessibles conform\u00e9ment au d\u00e9cret royal 1112\/2018 du 7 septembre sur l&#039;accessibilit\u00e9 des sites Web et des applications du secteur public pour les appareils mobiles. https:\/\/www.boe.es\/buscar\/act.php?id=BOE-A-2018-12699 SITUATION DE CONFORMIT\u00c9Ce site Web est partiellement conforme [\u2026]<\/p>","protected":false},"author":2,"featured_media":0,"parent":0,"menu_order":0,"comment_status":"closed","ping_status":"closed","template":"","meta":{"footnotes":""},"class_list":["post-818","page","type-page","status-publish","hentry"],"yoast_head":"<!-- This site is optimized with the Yoast SEO Premium plugin v22.7 (Yoast SEO v27.3) - https:\/\/yoast.com\/product\/yoast-seo-premium-wordpress\/ -->\n<title>Declaraci\u00f3n de Accesibilidad - The Key Services<\/title>\n<meta name=\"robots\" content=\"index, follow, max-snippet:-1, max-image-preview:large, max-video-preview:-1\" \/>\n<link rel=\"canonical\" href=\"https:\/\/thekeyservices.es\/fr\/declaracion-de-accesibilidad\/\" \/>\n<meta property=\"og:locale\" content=\"fr_FR\" \/>\n<meta property=\"og:type\" content=\"article\" \/>\n<meta property=\"og:title\" content=\"Declaraci\u00f3n de Accesibilidad\" \/>\n<meta property=\"og:description\" content=\"DECLARACI\u00d3N DE ACCESIBILIDAD Declaraci\u00f3n de accesibilidadLa Agencia Espa\u00f1ola de Protecci\u00f3n de Datos se ha comprometido a hacer accesibles sus sitios web de conformidad con el Real Decreto 1112\/2018, de 7 de septiembre, sobre accesibilidad de los sitios web y aplicaciones para dispositivos m\u00f3viles del sector p\u00fablico. https:\/\/www.boe.es\/buscar\/act.php?id=BOE-A-2018-12699 SITUACI\u00d3N DE CUMPLIMIENTOEste sitio web es parcialmente conforme [&hellip;]\" \/>\n<meta property=\"og:url\" content=\"https:\/\/thekeyservices.es\/fr\/declaracion-de-accesibilidad\/\" \/>\n<meta property=\"og:site_name\" content=\"The Key Services\" \/>\n<meta property=\"article:publisher\" content=\"https:\/\/www.facebook.com\/thekeyservices\/?locale=hi_IN\" \/>\n<meta property=\"article:modified_time\" content=\"2023-10-26T13:13:24+00:00\" \/>\n<meta property=\"og:image\" content=\"https:\/\/thekeyservices.es\/wp-content\/uploads\/2023\/11\/DSC02241.jpg\" \/>\n\t<meta property=\"og:image:width\" content=\"2048\" \/>\n\t<meta property=\"og:image:height\" content=\"1369\" \/>\n\t<meta property=\"og:image:type\" content=\"image\/jpeg\" \/>\n<meta name=\"twitter:card\" content=\"summary_large_image\" \/>\n<meta name=\"twitter:label1\" content=\"Dur\u00e9e de lecture estim\u00e9e\" \/>\n\t<meta name=\"twitter:data1\" content=\"4 minutes\" \/>\n<script type=\"application\/ld+json\" class=\"yoast-schema-graph\">{\"@context\":\"https:\\\/\\\/schema.org\",\"@graph\":[{\"@type\":\"WebPage\",\"@id\":\"https:\\\/\\\/thekeyservices.es\\\/declaracion-de-accesibilidad\\\/\",\"url\":\"https:\\\/\\\/thekeyservices.es\\\/declaracion-de-accesibilidad\\\/\",\"name\":\"Declaraci\u00f3n de Accesibilidad - The Key Services\",\"isPartOf\":{\"@id\":\"https:\\\/\\\/thekeyservices.es\\\/#website\"},\"datePublished\":\"2023-10-26T13:11:34+00:00\",\"dateModified\":\"2023-10-26T13:13:24+00:00\",\"breadcrumb\":{\"@id\":\"https:\\\/\\\/thekeyservices.es\\\/declaracion-de-accesibilidad\\\/#breadcrumb\"},\"inLanguage\":\"fr-FR\",\"potentialAction\":[{\"@type\":\"ReadAction\",\"target\":[\"https:\\\/\\\/thekeyservices.es\\\/declaracion-de-accesibilidad\\\/\"]}]},{\"@type\":\"BreadcrumbList\",\"@id\":\"https:\\\/\\\/thekeyservices.es\\\/declaracion-de-accesibilidad\\\/#breadcrumb\",\"itemListElement\":[{\"@type\":\"ListItem\",\"position\":1,\"name\":\"Portada\",\"item\":\"https:\\\/\\\/thekeyservices.es\\\/\"},{\"@type\":\"ListItem\",\"position\":2,\"name\":\"Declaraci\u00f3n de Accesibilidad\"}]},{\"@type\":\"WebSite\",\"@id\":\"https:\\\/\\\/thekeyservices.es\\\/#website\",\"url\":\"https:\\\/\\\/thekeyservices.es\\\/\",\"name\":\"The Key Services\",\"description\":\"Alquiler Vacacional en Calpe y Alicante\",\"publisher\":{\"@id\":\"https:\\\/\\\/thekeyservices.es\\\/#organization\"},\"potentialAction\":[{\"@type\":\"SearchAction\",\"target\":{\"@type\":\"EntryPoint\",\"urlTemplate\":\"https:\\\/\\\/thekeyservices.es\\\/?s={search_term_string}\"},\"query-input\":{\"@type\":\"PropertyValueSpecification\",\"valueRequired\":true,\"valueName\":\"search_term_string\"}}],\"inLanguage\":\"fr-FR\"},{\"@type\":\"Organization\",\"@id\":\"https:\\\/\\\/thekeyservices.es\\\/#organization\",\"name\":\"The Key Services\",\"url\":\"https:\\\/\\\/thekeyservices.es\\\/\",\"logo\":{\"@type\":\"ImageObject\",\"inLanguage\":\"fr-FR\",\"@id\":\"https:\\\/\\\/thekeyservices.es\\\/#\\\/schema\\\/logo\\\/image\\\/\",\"url\":\"https:\\\/\\\/thekeyservices.es\\\/wp-content\\\/uploads\\\/2023\\\/11\\\/the-key-logo-calpe.png\",\"contentUrl\":\"https:\\\/\\\/thekeyservices.es\\\/wp-content\\\/uploads\\\/2023\\\/11\\\/the-key-logo-calpe.png\",\"width\":600,\"height\":300,\"caption\":\"The Key Services\"},\"image\":{\"@id\":\"https:\\\/\\\/thekeyservices.es\\\/#\\\/schema\\\/logo\\\/image\\\/\"},\"sameAs\":[\"https:\\\/\\\/www.facebook.com\\\/thekeyservices\\\/?locale=hi_IN\",\"https:\\\/\\\/www.instagram.com\\\/thekeyservices\\\/?hl=es\"]}]}<\/script>\n<!-- \/ Yoast SEO Premium plugin. -->","yoast_head_json":{"title":"Declaraci\u00f3n de Accesibilidad - The Key Services","robots":{"index":"index","follow":"follow","max-snippet":"max-snippet:-1","max-image-preview":"max-image-preview:large","max-video-preview":"max-video-preview:-1"},"canonical":"https:\/\/thekeyservices.es\/fr\/declaracion-de-accesibilidad\/","og_locale":"fr_FR","og_type":"article","og_title":"Declaraci\u00f3n de Accesibilidad","og_description":"DECLARACI\u00d3N DE ACCESIBILIDAD Declaraci\u00f3n de accesibilidadLa Agencia Espa\u00f1ola de Protecci\u00f3n de Datos se ha comprometido a hacer accesibles sus sitios web de conformidad con el Real Decreto 1112\/2018, de 7 de septiembre, sobre accesibilidad de los sitios web y aplicaciones para dispositivos m\u00f3viles del sector p\u00fablico. https:\/\/www.boe.es\/buscar\/act.php?id=BOE-A-2018-12699 SITUACI\u00d3N DE CUMPLIMIENTOEste sitio web es parcialmente conforme [&hellip;]","og_url":"https:\/\/thekeyservices.es\/fr\/declaracion-de-accesibilidad\/","og_site_name":"The Key Services","article_publisher":"https:\/\/www.facebook.com\/thekeyservices\/?locale=hi_IN","article_modified_time":"2023-10-26T13:13:24+00:00","og_image":[{"width":2048,"height":1369,"url":"https:\/\/thekeyservices.es\/wp-content\/uploads\/2023\/11\/DSC02241.jpg","type":"image\/jpeg"}],"twitter_card":"summary_large_image","twitter_misc":{"Dur\u00e9e de lecture estim\u00e9e":"4 minutes"},"schema":{"@context":"https:\/\/schema.org","@graph":[{"@type":"WebPage","@id":"https:\/\/thekeyservices.es\/declaracion-de-accesibilidad\/","url":"https:\/\/thekeyservices.es\/declaracion-de-accesibilidad\/","name":"Declaraci\u00f3n de Accesibilidad - The Key Services","isPartOf":{"@id":"https:\/\/thekeyservices.es\/#website"},"datePublished":"2023-10-26T13:11:34+00:00","dateModified":"2023-10-26T13:13:24+00:00","breadcrumb":{"@id":"https:\/\/thekeyservices.es\/declaracion-de-accesibilidad\/#breadcrumb"},"inLanguage":"fr-FR","potentialAction":[{"@type":"ReadAction","target":["https:\/\/thekeyservices.es\/declaracion-de-accesibilidad\/"]}]},{"@type":"BreadcrumbList","@id":"https:\/\/thekeyservices.es\/declaracion-de-accesibilidad\/#breadcrumb","itemListElement":[{"@type":"ListItem","position":1,"name":"Portada","item":"https:\/\/thekeyservices.es\/"},{"@type":"ListItem","position":2,"name":"Declaraci\u00f3n de Accesibilidad"}]},{"@type":"WebSite","@id":"https:\/\/thekeyservices.es\/#website","url":"https:\/\/thekeyservices.es\/","name":"The Key Services","description":"Alquiler Vacacional en Calpe y Alicante","publisher":{"@id":"https:\/\/thekeyservices.es\/#organization"},"potentialAction":[{"@type":"SearchAction","target":{"@type":"EntryPoint","urlTemplate":"https:\/\/thekeyservices.es\/?s={search_term_string}"},"query-input":{"@type":"PropertyValueSpecification","valueRequired":true,"valueName":"search_term_string"}}],"inLanguage":"fr-FR"},{"@type":"Organization","@id":"https:\/\/thekeyservices.es\/#organization","name":"The Key Services","url":"https:\/\/thekeyservices.es\/","logo":{"@type":"ImageObject","inLanguage":"fr-FR","@id":"https:\/\/thekeyservices.es\/#\/schema\/logo\/image\/","url":"https:\/\/thekeyservices.es\/wp-content\/uploads\/2023\/11\/the-key-logo-calpe.png","contentUrl":"https:\/\/thekeyservices.es\/wp-content\/uploads\/2023\/11\/the-key-logo-calpe.png","width":600,"height":300,"caption":"The Key Services"},"image":{"@id":"https:\/\/thekeyservices.es\/#\/schema\/logo\/image\/"},"sameAs":["https:\/\/www.facebook.com\/thekeyservices\/?locale=hi_IN","https:\/\/www.instagram.com\/thekeyservices\/?hl=es"]}]}},"_links":{"self":[{"href":"https:\/\/thekeyservices.es\/fr\/wp-json\/wp\/v2\/pages\/818","targetHints":{"allow":["GET"]}}],"collection":[{"href":"https:\/\/thekeyservices.es\/fr\/wp-json\/wp\/v2\/pages"}],"about":[{"href":"https:\/\/thekeyservices.es\/fr\/wp-json\/wp\/v2\/types\/page"}],"author":[{"embeddable":true,"href":"https:\/\/thekeyservices.es\/fr\/wp-json\/wp\/v2\/users\/2"}],"replies":[{"embeddable":true,"href":"https:\/\/thekeyservices.es\/fr\/wp-json\/wp\/v2\/comments?post=818"}],"version-history":[{"count":4,"href":"https:\/\/thekeyservices.es\/fr\/wp-json\/wp\/v2\/pages\/818\/revisions"}],"predecessor-version":[{"id":823,"href":"https:\/\/thekeyservices.es\/fr\/wp-json\/wp\/v2\/pages\/818\/revisions\/823"}],"wp:attachment":[{"href":"https:\/\/thekeyservices.es\/fr\/wp-json\/wp\/v2\/media?parent=818"}],"curies":[{"name":"wp","href":"https:\/\/api.w.org\/{rel}","templated":true}]}}